{"id":2726,"date":"2026-03-28T15:09:54","date_gmt":"2026-03-28T15:09:54","guid":{"rendered":"https:\/\/www.apti.cz\/?post_type=product&#038;p=2726"},"modified":"2026-04-01T12:54:24","modified_gmt":"2026-04-01T12:54:24","slug":"soubor-otazek-pro-obecny-test-tz-r-ni-nii","status":"publish","type":"product","link":"https:\/\/www.apti.cz\/index.php\/produkt\/soubor-otazek-pro-obecny-test-tz-r-ni-nii\/","title":{"rendered":"Soubor ot\u00e1zek pro test TZ R NI, NII"},"content":{"rendered":"<p>Platnost od 1. \u00fanora 2025<\/p>\n<p>Rozsah 70 stran textu<\/p>\n<p>Soubor celkem 120 ti zpracovan\u00fdch odpov\u011bd\u00ed na u\u010debn\u00ed ot\u00e1zky k p\u0159\u00edprav\u011b na obecn\u00fd test pro revizn\u00ed techniky tlakov\u00fdch n\u00e1dob stabiln\u00edch, v\u010detn\u011b zd\u016fvodn\u011bn\u00ed a odkazu na p\u0159\u00edslu\u0161n\u00fd pr\u00e1vn\u00ed p\u0159edpis nebo normu.<\/p>\n<p>Elektronick\u00e1 publikace ve form\u00e1tu PDF.<\/p>\n<p>Obsah:<br \/>\nTZ R NI pro revizn\u00ed techniky prov\u00e1d\u011bj\u00edc\u00ed revize a zkou\u0161ky provozovan\u00fdch tlakov\u00fdch n\u00e1dob stabiln\u00edch I. t\u0159\u00eddy<\/p>\n<p>TZ R NII pro revizn\u00ed techniky prov\u00e1d\u011bj\u00edc\u00ed revize a zkou\u0161ky provozovan\u00fdch tlakov\u00fdch n\u00e1dob stabiln\u00edch II. t\u0159\u00eddy<\/p>\n<p>Verze dokumentu 2026.01<\/p>\n","protected":false},"excerpt":{"rendered":"<p>Soubor celkem 120 ti zpracovan\u00fdch odpov\u011bd\u00ed na u\u010debn\u00ed ot\u00e1zky k p\u0159\u00edprav\u011b na test pro revizn\u00ed techniky prov\u00e1d\u011bj\u00edc\u00ed revize a zkou\u0161ky provozovan\u00fdch tlakov\u00fdch n\u00e1dob stabiln\u00edch I. t\u0159\u00eddy a test pro revizn\u00ed techniky prov\u00e1d\u011bj\u00edc\u00ed revize a zkou\u0161ky provozovan\u00fdch tlakov\u00fdch n\u00e1dob stabiln\u00edch II. t\u0159\u00eddy, v\u010detn\u011b zd\u016fvodn\u011bn\u00ed a odkazu na p\u0159\u00edslu\u0161n\u00fd pr\u00e1vn\u00ed p\u0159edpis nebo normu.<\/p>\n","protected":false},"featured_media":2727,"comment_status":"closed","ping_status":"closed","template":"","meta":[],"product_brand":[],"product_cat":[38,43],"product_tag":[],"class_list":{"0":"post-2726","1":"product","2":"type-product","3":"status-publish","4":"has-post-thumbnail","6":"product_cat-elektronicke-publikace","7":"product_cat-vyhrazena-technicka-tlakova-zarizeni","9":"first","10":"instock","11":"downloadable","12":"virtual","13":"taxable","14":"purchasable","15":"product-type-simple"},"jetpack_sharing_enabled":true,"_links":{"self":[{"href":"https:\/\/www.apti.cz\/index.php\/wp-json\/wp\/v2\/product\/2726","targetHints":{"allow":["GET"]}}],"collection":[{"href":"https:\/\/www.apti.cz\/index.php\/wp-json\/wp\/v2\/product"}],"about":[{"href":"https:\/\/www.apti.cz\/index.php\/wp-json\/wp\/v2\/types\/product"}],"replies":[{"embeddable":true,"href":"https:\/\/www.apti.cz\/index.php\/wp-json\/wp\/v2\/comments?post=2726"}],"wp:featuredmedia":[{"embeddable":true,"href":"https:\/\/www.apti.cz\/index.php\/wp-json\/wp\/v2\/media\/2727"}],"wp:attachment":[{"href":"https:\/\/www.apti.cz\/index.php\/wp-json\/wp\/v2\/media?parent=2726"}],"wp:term":[{"taxonomy":"product_brand","embeddable":true,"href":"https:\/\/www.apti.cz\/index.php\/wp-json\/wp\/v2\/product_brand?post=2726"},{"taxonomy":"product_cat","embeddable":true,"href":"https:\/\/www.apti.cz\/index.php\/wp-json\/wp\/v2\/product_cat?post=2726"},{"taxonomy":"product_tag","embeddable":true,"href":"https:\/\/www.apti.cz\/index.php\/wp-json\/wp\/v2\/product_tag?post=2726"}],"curies":[{"name":"wp","href":"https:\/\/api.w.org\/{rel}","templated":true}]}}