{"id":2716,"date":"2026-03-17T15:28:44","date_gmt":"2026-03-17T15:28:44","guid":{"rendered":"https:\/\/www.apti.cz\/?post_type=product&#038;p=2716"},"modified":"2026-03-17T15:36:37","modified_gmt":"2026-03-17T15:36:37","slug":"potrubi-2026-sbornik-referatu-ebook","status":"publish","type":"product","link":"https:\/\/www.apti.cz\/index.php\/produkt\/potrubi-2026-sbornik-referatu-ebook\/","title":{"rendered":"POTRUB\u00cd 2026 sborn\u00edk refer\u00e1t\u016f-ebook"},"content":{"rendered":"<p><strong>Sborn\u00edk refer\u00e1t\u016f z<\/strong><strong> odborn\u00e9 konference POTRUB\u00cd 2025. Sou\u010d\u00e1st\u00ed je tak\u00e9 elektronick\u00fd p\u0159\u00edstup k materi\u00e1l\u016fm z konference na port\u00e1lu technicka-zarizeni.cz a \u0159ada bonusov\u00fdch materi\u00e1l\u016f.<\/strong><\/p>\n<h1><strong>POTRUB\u00cd 2026 Sborn\u00edk refer\u00e1t\u016f<\/strong><\/h1>\n<p>kolektiv autor\u016f<br \/>\nVydalo nakladatelstv\u00ed a vydavatelstv\u00ed Medim, spol. s r.o.<br \/>\nForm\u00e1t: A4<br \/>\nRozsah: 120 stran + elektronick\u00e1 p\u0159\u00edloha publikace<br \/>\n<strong>ISBN 978-80-87140-72-7<\/strong><\/p>\n<h2><strong>Obsah publikace:<\/strong><\/h2>\n<p><strong>Monitoring parovod\u016f pomoc\u00ed potenci\u00e1lov\u00e9 metody\u00a0<\/strong><br \/>\nIng. Pavel Mare\u0161<br \/>\nCentrum v\u00fdzkumu \u0158e\u017e s.r.o.<br \/>\nHusinec<\/p>\n<p><strong>\u017divotnost potrubn\u00edch syst\u00e9m\u016f z pohledu jadern\u00e9 legislativy\u00a0<\/strong><br \/>\nIng. Jolana R\u00fddlov\u00e1<br \/>\nNUI \u2013 PRO s.r.o.<br \/>\nPraha<\/p>\n<p><strong>NDT creepov\u00e9ho po\u0161kozen\u00ed\u00a0<\/strong><br \/>\nIng. Jana Vesel\u00e1, Ph.D.<br \/>\nCentrum v\u00fdzkumu \u0158e\u017e s.r.o.<br \/>\nHusinec<\/p>\n<p><strong>Opravy potrubn\u00edch syst\u00e9m\u016f sva\u0159ov\u00e1n\u00edm\u00a0<\/strong><br \/>\nIng. Marek Slov\u00e1\u010dek, Ph.D., IWE<br \/>\nVUT Brno\/VUZ Bratislava\/TEN Slovakia<\/p>\n<p><strong>Po\u0161kozen\u00ed ropovodu IKL\u00a0<\/strong><br \/>\nPavel Janou\u0161kovec<br \/>\nMERO CR, a.s.<br \/>\nKralupy nad Vltavou<\/p>\n<p><strong>Cimr-Bart\u00e1kova metoda rekonstrukce liniov\u00fdch plynovod\u016f\u00a0<\/strong><br \/>\nJan Bart\u00e1k<br \/>\nGasNet Slu\u017eby, s.r.o.<br \/>\nPraha<\/p>\n<p><strong>Akustick\u00e1 emise a AI: Revoluce v detekci \u00fanik\u016f a diagnostice armatur v re\u00e1ln\u00e9m \u010dase\u00a0<\/strong><br \/>\nIng. Pavel Kone\u010dn\u00fd<br \/>\nNeuron Soundware<br \/>\nPraha<\/p>\n<p><strong>Sva\u0159ov\u00e1n\u00ed prim\u00e1rn\u00edho a sekund\u00e1rn\u00edho okruhu parovodu u jadern\u00e9 elektr\u00e1rny\u00a0<\/strong><br \/>\nProf. Dr. Ing. Anton\u00edn K\u0159\u00ed\u017e, IWE<br \/>\n\u010cVUT v Praze<br \/>\nPraha<\/p>\n<p><strong>Certifikace a kategorizace potrub\u00ed dle PED<\/strong><br \/>\nIng. Luk\u00e1\u0161 Turza, Ph.D., IWE<br \/>\nLL-C (Certification) Czech Republic, a.s.<br \/>\nPraha<\/p>\n<p><strong>Pou\u017e\u00edv\u00e1n\u00ed AI p\u0159i navrhov\u00e1n\u00ed potrub\u00ed\u00a0<\/strong><br \/>\nIng. V\u00e1clav Peka\u0159, CSc.<br \/>\nAsociace poskytovatel\u016f technick\u00fdch informac\u00ed<br \/>\nPraha<\/p>\n<p><strong>Degrada\u010dn\u00e9 procesy potrub\u00ed z odstredivo liatych r\u00farok\u00a0<\/strong><br \/>\nDoc. Ing. Peter Bernasovsk\u00fd, PhD.<br \/>\nKonzultant \u201eFailure analyses\u201c APTI, z.s.<br \/>\nBratislava, SR<\/p>\n<p><strong>Magnetick\u00e1 pam\u011b\u0165 kov\u016f jako prost\u0159edek na kontrolu koroze potrubn\u00edch syst\u00e9m\u016f\u00a0<\/strong><br \/>\nIng. V\u00e1clav Svoboda<br \/>\nPreditest s. r. o.<br \/>\nPraha<\/p>\n<p><strong>Ru\u010dn\u00ed laserov\u00e9 sva\u0159ov\u00e1n\u00ed a podce\u0148ovan\u00e9 bezpe\u010dnosti pr\u00e1ce t\u00e9to technologie v praxi\u00a0<\/strong><br \/>\nIng. Tom\u00e1\u0161 Gur\u010d\u00edk<br \/>\nHBT Weld, s.r.o.<br \/>\n\u010cesk\u00e9 Bud\u011bjovice<\/p>\n<p><strong>Zji\u0161t\u011bn\u00ed p\u0159\u00ed\u010diny poru\u0161en\u00ed potrub\u00ed v prost\u0159ed\u00ed \u010cOV\u00a0<\/strong><br \/>\nIng. Jakub Horv\u00e1th, Ph.D. IWE, Doc. Ing. Ji\u0159\u00ed Janovec, CSc<br \/>\n\u010cVUT, Fakulta strojn\u00ed, \u00dastav materi\u00e1lov\u00e9ho in\u017een\u00fdrstv\u00ed<br \/>\nPraha<\/p>\n<p><strong>Uplatn\u011bn\u00ed modern\u00edch NDT metod v praxi\u00a0<\/strong><br \/>\nIng. Pavel Petr\u00e1sek<br \/>\nGAMALUX Plze\u0148 spol. s r.o.<br \/>\nPlze\u0148<\/p>\n<p><strong>Hodnocen\u00ed stavu p\u0159\u00edrubov\u00fdch spoj\u016f pomoc\u00ed metody MMM\u00a0<\/strong><br \/>\nIng. Petr Vl\u010dek, Ing. Jaroslav Brom<br \/>\nCentrum v\u00fdzkumu \u0158e\u017e, s. r. o.<\/p>\n","protected":false},"excerpt":{"rendered":"<p>Sborn\u00edk refer\u00e1t\u016f z odborn\u00e9 konference POTRUB\u00cd 2025. Sou\u010d\u00e1st\u00ed je tak\u00e9 elektronick\u00fd p\u0159\u00edstup k materi\u00e1l\u016fm z konference na port\u00e1lu technicka-zarizeni.cz a \u0159ada bonusov\u00fdch materi\u00e1l\u016f. POTRUB\u00cd 2026 Sborn\u00edk refer\u00e1t\u016f kolektiv autor\u016f Vydalo&#8230;<\/p>\n","protected":false},"featured_media":2717,"comment_status":"closed","ping_status":"closed","template":"","meta":[],"product_brand":[],"product_cat":[38,37,44],"product_tag":[],"class_list":{"0":"post-2716","1":"product","2":"type-product","3":"status-publish","4":"has-post-thumbnail","6":"product_cat-elektronicke-publikace","7":"product_cat-publikace","8":"product_cat-sborniky","10":"first","11":"instock","12":"downloadable","13":"virtual","14":"taxable","15":"purchasable","16":"product-type-simple"},"jetpack_sharing_enabled":true,"_links":{"self":[{"href":"https:\/\/www.apti.cz\/index.php\/wp-json\/wp\/v2\/product\/2716","targetHints":{"allow":["GET"]}}],"collection":[{"href":"https:\/\/www.apti.cz\/index.php\/wp-json\/wp\/v2\/product"}],"about":[{"href":"https:\/\/www.apti.cz\/index.php\/wp-json\/wp\/v2\/types\/product"}],"replies":[{"embeddable":true,"href":"https:\/\/www.apti.cz\/index.php\/wp-json\/wp\/v2\/comments?post=2716"}],"wp:featuredmedia":[{"embeddable":true,"href":"https:\/\/www.apti.cz\/index.php\/wp-json\/wp\/v2\/media\/2717"}],"wp:attachment":[{"href":"https:\/\/www.apti.cz\/index.php\/wp-json\/wp\/v2\/media?parent=2716"}],"wp:term":[{"taxonomy":"product_brand","embeddable":true,"href":"https:\/\/www.apti.cz\/index.php\/wp-json\/wp\/v2\/product_brand?post=2716"},{"taxonomy":"product_cat","embeddable":true,"href":"https:\/\/www.apti.cz\/index.php\/wp-json\/wp\/v2\/product_cat?post=2716"},{"taxonomy":"product_tag","embeddable":true,"href":"https:\/\/www.apti.cz\/index.php\/wp-json\/wp\/v2\/product_tag?post=2716"}],"curies":[{"name":"wp","href":"https:\/\/api.w.org\/{rel}","templated":true}]}}