{"id":2711,"date":"2026-03-17T14:53:49","date_gmt":"2026-03-17T14:53:49","guid":{"rendered":"https:\/\/www.apti.cz\/?post_type=product&#038;p=2711"},"modified":"2026-03-17T15:19:43","modified_gmt":"2026-03-17T15:19:43","slug":"potrubi-2025-sbornik-referatu-ebook","status":"publish","type":"product","link":"https:\/\/www.apti.cz\/index.php\/produkt\/potrubi-2025-sbornik-referatu-ebook\/","title":{"rendered":"POTRUB\u00cd 2025 sborn\u00edk refer\u00e1t\u016f-ebook"},"content":{"rendered":"<p><strong>Sborn\u00edk refer\u00e1t\u016f z<\/strong><strong> odborn\u00e9 konference POTRUB\u00cd 2025. Sou\u010d\u00e1st\u00ed je tak\u00e9 elektronick\u00fd p\u0159\u00edstup k materi\u00e1l\u016fm z konference na port\u00e1lu technicka-zarizeni.cz a \u0159ada bonusov\u00fdch materi\u00e1l\u016f.<\/strong><\/p>\n<h1><strong>POTRUB\u00cd 2025 Sborn\u00edk refer\u00e1t\u016f<\/strong><\/h1>\n<p>kolektiv autor\u016f<br \/>\nVydalo nakladatelstv\u00ed a vydavatelstv\u00ed Medim, spol. s r.o.<br \/>\nForm\u00e1t: A4<br \/>\nRozsah: 128 stran + elektronick\u00e1 p\u0159\u00edloha publikace<br \/>\n<strong>ISBN 978-80-87140-63-5<\/strong><\/p>\n<h2><strong>Obsah publikace:<\/strong><\/h2>\n<p><strong>Nejist\u00e1 budoucnost v\u00fdroby ocelov\u00fdch trubek: aktu\u00e1ln\u00ed situace na trhu\u00a0<\/strong><br \/>\nJi\u0159\u00ed Dufek<br \/>\nOcel\u00e1\u0159sk\u00e1 unie, Praha<\/p>\n<p><strong>Projekt TAL-PLUS\u00a0<\/strong><br \/>\nIng. Pavel Janou\u0161kovec<br \/>\nMERO \u010cR, a.s., Kralupy nad Vltavou<\/p>\n<p><strong>Vyu\u017eit\u00ed pokro\u010dil\u00fdch technik ultrazvukov\u00e9ho zkou\u0161en\u00ed pro svary parovod\u016f\u00a0<\/strong><br \/>\nIng. Pavel Mare\u0161, Ing. Jana Vesel\u00e1<br \/>\nCentrum v\u00fdzkumu \u0158e\u017e s.r.o., Husinec &#8211; \u0158e\u017e<\/p>\n<p><strong>Posouzen\u00ed \u017eivotnosti potrub\u00ed, vad a hav\u00e1ri\u00ed potrub\u00ed, resp. \u0159\u00edzen\u00e1 \u017eivotnost potrubn\u00edch smy\u010dek<\/strong><br \/>\nIng. Marek Slov\u00e1\u010dek, Ph.D.<br \/>\nTEN Slovakia, V\u00fdzkumn\u00fd \u00fastav zv\u00e1ra\u010dsk\u00fd Bratislava, VUT Brno<br \/>\nIng. Pavel Elesztos, Ph.D.<br \/>\nTEN Slovakia<br \/>\nIng. Peter Brziak, Ph.D.<br \/>\nV\u00fdzkumn\u00fd \u00fastav zv\u00e1ra\u010dsk\u00fd Bratislava<\/p>\n<p><strong>Tlakov\u00e9 zkou\u0161ky potrubn\u00edch syst\u00e9m\u016f<\/strong><br \/>\nIng. V\u00e1clav Svoboda<br \/>\nPreditest s. r. o., Praha<\/p>\n<p><strong>Technick\u00e9 \u0159e\u0161en\u00ed zam\u011b\u0159en\u00e9 na zv\u00fd\u0161en\u00ed \u00faspor tepla v tepeln\u00fdch nap\u00e1je\u010d\u00edch<\/strong><br \/>\n<strong>a ve v\u011bt\u0161\u00edch dimenz\u00edch tepeln\u00fdch s\u00edt\u00ed\u00a0<\/strong><br \/>\nIng. Eva \u0160varcov\u00e1, Ph.D.<br \/>\nNRG flex, s.r.o, Pezinok<br \/>\nprof. Ing. J\u00e1n Tak\u00e1cs, Ph.D.<br \/>\nStavebn\u00e1 fakulta STU Bratislava, KTZB, Bratislava<\/p>\n<p><strong>Navrhov\u00e1n\u00ed plastov\u00fdch pr\u016fmyslov\u00fdch potrub\u00ed<\/strong><br \/>\nIng. V\u00e1clav Peka\u0159, CSc.<br \/>\nAPTI z.s., Vysok\u00e9 M\u00fdto<\/p>\n<p><strong>Generovanie umel\u00fdch defektov pre ML\u00a0<\/strong><br \/>\nIng. Daniel Dopjera, Ph.D.<br \/>\n\u00daJV \u0158e\u017e, a. s.<br \/>\nIng. Zdenk Kroul, Ph.D.<br \/>\nZ\u010cU v Plzni, NTIS<\/p>\n<p><strong>Stanoven\u00ed zbytkov\u00e9 \u017eivotnosti PE potrub\u00ed na plyn, vodu a ostatn\u00ed m\u00e9dia<\/strong><br \/>\nDoc. Ing. Eva Nezbedov\u00e1, CSc., Ing. Alexander Bare\u0161<br \/>\nUNO PRAHA, spol. s r.o., Praha<\/p>\n<p><strong>Vyu\u017eit\u00ed bari\u00e9rov\u00e9ho PE potrub\u00ed pro ochranu p\u0159ed kontaminac\u00ed<\/strong><br \/>\nIng. Daniel \u0160najdr<br \/>\negeplast international GmbH<br \/>\nGreven, Germany<\/p>\n<p><strong>3D tisk pomoc\u00ed technologie Laser Metal Deposition<\/strong><br \/>\nIng. Tom\u00e1\u0161 Gur\u010d\u00edk, IWE, MBA<br \/>\nIng. Miroslav Sahul, Ph.D., IWE<br \/>\ndoc. Ing. Ladislav Kola\u0159\u00edk, Ph.D., IWE<br \/>\nVUT v Praze, Fakulta strojn\u00ed, \u00dastav stroj\u00edrensk\u00e9 technologie Praha<\/p>\n<p><strong>Manipul\u00e1tory pro diagnostiku za\u0159\u00edzen\u00ed<\/strong><br \/>\nIng. David Mestl<br \/>\nCentrum v\u00fdzkumu \u0158e\u017e s.r.o.<br \/>\nPlze<\/p>\n<p><strong>BEM\u2122 Inspekce na potrub\u00ed chladic\u00ed vody v Jadern\u00e9 elektr\u00e1rn\u011b Temel\u00edn\u00a0<\/strong><br \/>\nIng. Vojtch K\u0159\u00ed\u017e<br \/>\nRock Solid Group Pty Ltd<br \/>\nMelbourne, AU \/ Praha<\/p>\n<p><strong>V\u00fdpo\u010det hydraulick\u00e9ho r\u00e1zu v soustav\u00e1ch potrub\u00ed, m\u011b\u0159en\u00ed pr\u016ftoku potrub\u00edm a charakteristik za\u0159\u00edzen\u00ed na potrub\u00ed\u00a0<\/strong><br \/>\nIng. Josef Z\u00e1ruba CSc.<br \/>\nAPTI, z.s.Praha<\/p>\n<p><strong>Speci\u00e1ln\u00ed bez\u00fanikov\u00e9 technologie pou\u017e\u00edvan\u00e9 p\u0159i servisn\u00edch \u010dinnostech na potrub\u00ed\u00a0<\/strong><br \/>\nIng. Jan K\u00e1nsk\u00fd<br \/>\nFASTRA, s.r.o., Kol\u00edn<\/p>\n<p><strong>Orbit\u00e1ln\u00ed sva\u0159ov\u00e1n\u00ed &#8211; heterogenn\u00ed svary<\/strong><br \/>\nProf. Dr. Ing. Anton\u00edn K\u0159\u00ed\u017e, IWE, Ing. Hynek Gil\u00edk, \u010cVUT v Praze<br \/>\nIng. Ondej Luk\u00e1\u0161ek, \u010cEZ a.s.<br \/>\nIng. Ondej Stach, \u0160koda Transportation s.r.o.<\/p>\n<p><strong>V\u00fdsledky z m\u011b\u0159en\u00ed te\u010den\u00ed na parovodech metodou 3D skenov\u00e1n\u00ed<\/strong><br \/>\nPavel Zahr\u00e1dka, Jan Patera<br \/>\nCentrum v\u00fdzkumu \u0158e\u017e s.r.o., Plze\u0148<\/p>\n<p>&nbsp;<\/p>\n","protected":false},"excerpt":{"rendered":"<p>Sborn\u00edk refer\u00e1t\u016f z odborn\u00e9 konference POTRUB\u00cd 2025. Sou\u010d\u00e1st\u00ed je tak\u00e9 elektronick\u00fd p\u0159\u00edstup k materi\u00e1l\u016fm z konference na port\u00e1lu technicka-zarizeni.cz a \u0159ada bonusov\u00fdch materi\u00e1l\u016f. POTRUB\u00cd 2025 Sborn\u00edk refer\u00e1t\u016f kolektiv autor\u016f Vydalo&#8230;<\/p>\n","protected":false},"featured_media":2713,"comment_status":"closed","ping_status":"closed","template":"","meta":[],"product_brand":[],"product_cat":[38,37,44],"product_tag":[],"class_list":{"0":"post-2711","1":"product","2":"type-product","3":"status-publish","4":"has-post-thumbnail","6":"product_cat-elektronicke-publikace","7":"product_cat-publikace","8":"product_cat-sborniky","10":"first","11":"instock","12":"downloadable","13":"virtual","14":"taxable","15":"purchasable","16":"product-type-simple"},"jetpack_sharing_enabled":true,"_links":{"self":[{"href":"https:\/\/www.apti.cz\/index.php\/wp-json\/wp\/v2\/product\/2711","targetHints":{"allow":["GET"]}}],"collection":[{"href":"https:\/\/www.apti.cz\/index.php\/wp-json\/wp\/v2\/product"}],"about":[{"href":"https:\/\/www.apti.cz\/index.php\/wp-json\/wp\/v2\/types\/product"}],"replies":[{"embeddable":true,"href":"https:\/\/www.apti.cz\/index.php\/wp-json\/wp\/v2\/comments?post=2711"}],"wp:featuredmedia":[{"embeddable":true,"href":"https:\/\/www.apti.cz\/index.php\/wp-json\/wp\/v2\/media\/2713"}],"wp:attachment":[{"href":"https:\/\/www.apti.cz\/index.php\/wp-json\/wp\/v2\/media?parent=2711"}],"wp:term":[{"taxonomy":"product_brand","embeddable":true,"href":"https:\/\/www.apti.cz\/index.php\/wp-json\/wp\/v2\/product_brand?post=2711"},{"taxonomy":"product_cat","embeddable":true,"href":"https:\/\/www.apti.cz\/index.php\/wp-json\/wp\/v2\/product_cat?post=2711"},{"taxonomy":"product_tag","embeddable":true,"href":"https:\/\/www.apti.cz\/index.php\/wp-json\/wp\/v2\/product_tag?post=2711"}],"curies":[{"name":"wp","href":"https:\/\/api.w.org\/{rel}","templated":true}]}}