{"id":2284,"date":"2026-03-26T22:52:32","date_gmt":"2026-03-26T22:52:32","guid":{"rendered":"https:\/\/www.apti.cz\/?post_type=product&#038;p=2284"},"modified":"2026-03-28T17:44:46","modified_gmt":"2026-03-28T17:44:46","slug":"soubor-otazek-pro-test-zz-a2-jeraby-mostove-podvesne-mostove-ovladane-ze-zeme-a-portalove","status":"publish","type":"product","link":"https:\/\/www.apti.cz\/index.php\/produkt\/soubor-otazek-pro-test-zz-a2-jeraby-mostove-podvesne-mostove-ovladane-ze-zeme-a-portalove\/","title":{"rendered":"Soubor ot\u00e1zek pro test ZZ a2 Je\u0159\u00e1by mostov\u00e9, podv\u011bsn\u00e9 mostov\u00e9 ovl\u00e1dan\u00e9 ze zem\u011b a port\u00e1lov\u00e9"},"content":{"rendered":"<p><strong>Soubor ot\u00e1zek pro test ZZ R a2 Je\u0159\u00e1by mostov\u00e9, podv\u011bsn\u00e9 mostov\u00e9 ovl\u00e1dan\u00e9 ze zem\u011b a port\u00e1lov\u00e9<\/strong><\/p>\n<p>Soubor pro p\u0159\u00edpravu na test odborn\u00e9 zp\u016fsobilosti pro revizn\u00ed techniky zdvihac\u00edch za\u0159\u00edzen\u00ed<\/p>\n<p>elektronick\u00e1 publikace ve form\u00e1tu PDF<\/p>\n<p>Rozsah 28 stran<\/p>\n","protected":false},"excerpt":{"rendered":"<p>Soubor ot\u00e1zek pro test ZZ R a2 Je\u0159\u00e1by mostov\u00e9, podv\u011bsn\u00e9 mostov\u00e9 ovl\u00e1dan\u00e9 ze zem\u011b a port\u00e1lov\u00e9 Soubor pro p\u0159\u00edpravu na test odborn\u00e9 zp\u016fsobilosti pro revizn\u00ed techniky zdvihac\u00edch za\u0159\u00edzen\u00ed elektronick\u00e1 publikace&#8230;<\/p>\n","protected":false},"featured_media":2285,"comment_status":"closed","ping_status":"closed","template":"","meta":[],"product_brand":[],"product_cat":[38,37,54],"product_tag":[55],"class_list":{"0":"post-2284","1":"product","2":"type-product","3":"status-publish","4":"has-post-thumbnail","6":"product_cat-elektronicke-publikace","7":"product_cat-publikace","8":"product_cat-vyhrazena-technicka-zdvihaci-zarizeni","9":"product_tag-zdvihaci-zarizeni","11":"first","12":"instock","13":"downloadable","14":"virtual","15":"taxable","16":"purchasable","17":"product-type-simple"},"jetpack_sharing_enabled":true,"_links":{"self":[{"href":"https:\/\/www.apti.cz\/index.php\/wp-json\/wp\/v2\/product\/2284","targetHints":{"allow":["GET"]}}],"collection":[{"href":"https:\/\/www.apti.cz\/index.php\/wp-json\/wp\/v2\/product"}],"about":[{"href":"https:\/\/www.apti.cz\/index.php\/wp-json\/wp\/v2\/types\/product"}],"replies":[{"embeddable":true,"href":"https:\/\/www.apti.cz\/index.php\/wp-json\/wp\/v2\/comments?post=2284"}],"wp:featuredmedia":[{"embeddable":true,"href":"https:\/\/www.apti.cz\/index.php\/wp-json\/wp\/v2\/media\/2285"}],"wp:attachment":[{"href":"https:\/\/www.apti.cz\/index.php\/wp-json\/wp\/v2\/media?parent=2284"}],"wp:term":[{"taxonomy":"product_brand","embeddable":true,"href":"https:\/\/www.apti.cz\/index.php\/wp-json\/wp\/v2\/product_brand?post=2284"},{"taxonomy":"product_cat","embeddable":true,"href":"https:\/\/www.apti.cz\/index.php\/wp-json\/wp\/v2\/product_cat?post=2284"},{"taxonomy":"product_tag","embeddable":true,"href":"https:\/\/www.apti.cz\/index.php\/wp-json\/wp\/v2\/product_tag?post=2284"}],"curies":[{"name":"wp","href":"https:\/\/api.w.org\/{rel}","templated":true}]}}