{"id":2245,"date":"2024-11-05T18:46:59","date_gmt":"2024-11-05T18:46:59","guid":{"rendered":"https:\/\/www.apti.cz\/?post_type=product&#038;p=2245"},"modified":"2026-01-13T23:27:23","modified_gmt":"2026-01-13T23:27:23","slug":"tlak-2024-sbornik-referatu-ebook","status":"publish","type":"product","link":"https:\/\/www.apti.cz\/index.php\/produkt\/tlak-2024-sbornik-referatu-ebook\/","title":{"rendered":"TLAK 2024 sborn\u00edk refer\u00e1t\u016f-ebook"},"content":{"rendered":"<p><strong>Sborn\u00edk refer\u00e1t\u016f 24. ro\u010dn\u00edku odborn\u00e9 konference TLAK 2024. Sou\u010d\u00e1st\u00ed je tak\u00e9 elektronick\u00fd p\u0159\u00edstup k materi\u00e1l\u016fm z konference na port\u00e1lu technicka-zarizeni.cz a \u0159ada bonusov\u00fdch materi\u00e1l\u016f.<\/strong><\/p>\n<h3><strong>POTRUB\u00cd 2024 Sborn\u00edk refer\u00e1t\u016f<\/strong><\/h3>\n<p>kolektiv autor\u016f<br \/>\nVydalo nakladatelstv\u00ed a vydavatelstv\u00ed Medim, spol. s r.o.<br \/>\nForm\u00e1t A4<br \/>\nRozsah 120 stran + elektronick\u00e1 p\u0159\u00edloha<br \/>\n<strong>ISBN 978-80-87140-69-7<\/strong><\/p>\n<p><strong>Obsah publikace:\u00a0<\/strong><\/p>\n<p>Zku\u0161enosti s aplikac\u00ed Z\u00e1kona \u010d. 250\/2021 Sb. v souvislosti s provozem vyhrazen\u00fdch tlakov\u00fdch za\u0159\u00edzen\u00ed z pohledu TI\u010cR<br \/>\nIng. Libor \u0160ubrt<br \/>\nTechnick\u00e1 inspekce \u010cesk\u00e9 republiky, Praha<\/p>\n<p>\u0158\u00edzen\u00ed rizik p\u0159i provozu tlakov\u00e9 sestavy<br \/>\nIng. V\u00e1clav Peka, CSc.<br \/>\nAPTI, z.s., Praha<\/p>\n<p>Dopad opravy ventilu parn\u00ed turb\u00edny sva\u0159ov\u00e1n\u00edm na zm\u011bnu materi\u00e1lov\u00fdch vlastnost\u00ed<br \/>\nprof. Dr. Ing. Anton\u00edn K\u0159\u00ed\u017e, IWE<br \/>\n\u010cVUT v Praze, \u00dastav stroj\u00edrensk\u00e9 technologie, Fakulta strojn\u00ed<br \/>\nIng. Karel Kaleta<br \/>\nElektr\u00e1rna D\u011btmarovice, EZ a.s.<\/p>\n<p>Experiment\u00e1ln\u00ed mo\u017enosti Centra V\u00fdzkumu \u0158e\u017e<br \/>\nIng. Petr H\u00e1jek<br \/>\nCentrum v\u00fdzkumu \u0158e\u017e s.r.o., Husinec<\/p>\n<p>Chyby p\u0159ej\u00edmek tlakov\u00fdch za\u0159\u00edzen\u00edch a sestav<br \/>\nIng. Luk\u00e1\u0161 Turza, Ph.D., IWE<br \/>\n\u010ceskoslovensk\u00fd Lloyd, spol. s r. o., Praha<\/p>\n<p>Koment\u00e1\u0159 k novelizaci normy \u010cSN 69 0012<br \/>\nIng. Luk\u00e1\u0161 Turza, Ph.D., IWE<br \/>\n\u010ceskoslovensk\u00fd Lloyd, spol. s r. o., Praha<\/p>\n<p>Sva\u0159ov\u00e1n\u00ed a opravy sva\u0159ov\u00e1n\u00edm tlakov\u00fdch n\u00e1dob<br \/>\nIng. Marek Slov\u00e1\u010dek, Ph.D.<br \/>\nV\u00fdskumn\u00fd \u00fastav zv\u00e1ra\u010dsk\u00fd z.z.p.o,<br \/>\nTEN Slovakia<br \/>\nBratislava, Slovensko<\/p>\n<p>Manipul\u00e1tory pro diagnostiku za\u0159\u00edzen\u00ed<br \/>\nIng. David Mestl<br \/>\nCentrum v\u00fdzkumu \u0158e\u017e s.r.o., Plze\u0148<\/p>\n<p>Uplatn\u011bn\u00ed modern\u00edch metod NDT tlakov\u00fdch za\u0159\u00edzen\u00ed v praxi<br \/>\nIng. Pavel Petr\u00e1sek<br \/>\nGAMALUX Plze\u0148 spol. s r.o.<\/p>\n<p>Overenie vysokoenergetick\u00e9ho vl\u00e1knov\u00e9ho l\u00e1sera na zv\u00e1ranie hrubostenn\u00e9ho tlakov\u00e9ho potrubia<br \/>\nDoc. Ing. Peter Bernasovsk\u00fd, EWE, Ph.D.<br \/>\nAPTI z.s., Bratislava<\/p>\n<p>P\u0159\u00edpadov\u00e1 studie poru\u0161en\u00ed korozivzdorn\u00e9ho tepeln\u00e9ho v\u00fdm\u011bn\u00edku pro dochlazov\u00e1n\u00ed plynu<br \/>\nIng. Jakub Horv\u00e1th, Ph.D., IWE<br \/>\nVUT v Praze, fakulta strojn\u00ed, \u00dastav materi\u00e1lov\u00e9ho in\u017een\u00fdrstv\u00ed, Praha<\/p>\n<p>T\u011bsn\u011bn\u00ed p\u0159\u00edrubov\u00fdch spoj\u016f. Datab\u00e1ze ESA pro charakteristiky spolehliv\u00fdch t\u011bsn\u011bn\u00ed<br \/>\nIng. Jan Tom\u00e1\u0161<br \/>\nTechseal, s.r.o., Praha<\/p>\n<p>Syst\u00e9my ozna\u010dov\u00e1n\u00ed ocel\u00ed dle SN EN 10027-1 a SN EN 10027-2. Nov\u00e9 normy pro sva\u0159ov\u00e1n\u00ed<br \/>\nIng. Jan Weischera, DWV<br \/>\nAPTI, z.s., Kladno<\/p>\n<p>Bezpe\u010dnost provozu vyhrazen\u00fdch tlakov\u00fdch za\u0159\u00edzen\u00ed, dokumentace a vnit\u0159n\u00ed p\u0159edpisy dle Na\u0159\u00edzen\u00ed vl\u00e1dy \u010d. 192\/2022 Sb.<br \/>\nIng. Roman \u0158ez\u00e1\u010d<br \/>\nAPTI, z.s., Pardubice<\/p>\n<p>Heterogenn\u00ed svary v tlakov\u00fdch n\u00e1dob\u00e1ch<br \/>\nDoc. Ing. Ji\u0159\u00ed Janovec, CSc.<br \/>\nIng. Petr Duch\u00e1\u010dek, IWE<br \/>\nVUT v Praze, fakulta strojn\u00ed, Praha<\/p>\n","protected":false},"excerpt":{"rendered":"<p>Sborn\u00edk refer\u00e1t\u016f 24. ro\u010dn\u00edku odborn\u00e9 konference TLAK 2024. Sou\u010d\u00e1st\u00ed je tak\u00e9 elektronick\u00fd p\u0159\u00edstup k materi\u00e1l\u016fm z konference na port\u00e1lu technicka-zarizeni.cz a \u0159ada bonusov\u00fdch materi\u00e1l\u016f. POTRUB\u00cd 2024 Sborn\u00edk refer\u00e1t\u016f kolektiv autor\u016f&#8230;<\/p>\n","protected":false},"featured_media":2246,"comment_status":"closed","ping_status":"closed","template":"","meta":[],"product_brand":[],"product_cat":[38,37,44,43],"product_tag":[],"class_list":{"0":"post-2245","1":"product","2":"type-product","3":"status-publish","4":"has-post-thumbnail","6":"product_cat-elektronicke-publikace","7":"product_cat-publikace","8":"product_cat-sborniky","9":"product_cat-vyhrazena-technicka-tlakova-zarizeni","11":"first","12":"instock","13":"downloadable","14":"virtual","15":"taxable","16":"purchasable","17":"product-type-simple"},"jetpack_sharing_enabled":true,"_links":{"self":[{"href":"https:\/\/www.apti.cz\/index.php\/wp-json\/wp\/v2\/product\/2245","targetHints":{"allow":["GET"]}}],"collection":[{"href":"https:\/\/www.apti.cz\/index.php\/wp-json\/wp\/v2\/product"}],"about":[{"href":"https:\/\/www.apti.cz\/index.php\/wp-json\/wp\/v2\/types\/product"}],"replies":[{"embeddable":true,"href":"https:\/\/www.apti.cz\/index.php\/wp-json\/wp\/v2\/comments?post=2245"}],"wp:featuredmedia":[{"embeddable":true,"href":"https:\/\/www.apti.cz\/index.php\/wp-json\/wp\/v2\/media\/2246"}],"wp:attachment":[{"href":"https:\/\/www.apti.cz\/index.php\/wp-json\/wp\/v2\/media?parent=2245"}],"wp:term":[{"taxonomy":"product_brand","embeddable":true,"href":"https:\/\/www.apti.cz\/index.php\/wp-json\/wp\/v2\/product_brand?post=2245"},{"taxonomy":"product_cat","embeddable":true,"href":"https:\/\/www.apti.cz\/index.php\/wp-json\/wp\/v2\/product_cat?post=2245"},{"taxonomy":"product_tag","embeddable":true,"href":"https:\/\/www.apti.cz\/index.php\/wp-json\/wp\/v2\/product_tag?post=2245"}],"curies":[{"name":"wp","href":"https:\/\/api.w.org\/{rel}","templated":true}]}}