{"id":1938,"date":"2024-03-13T10:07:54","date_gmt":"2024-03-13T10:07:54","guid":{"rendered":"https:\/\/www.apti.cz\/?post_type=product&#038;p=1938"},"modified":"2026-01-13T23:24:48","modified_gmt":"2026-01-13T23:24:48","slug":"tlak-2021-sbornik-referatu-e-book","status":"publish","type":"product","link":"https:\/\/www.apti.cz\/index.php\/produkt\/tlak-2021-sbornik-referatu-e-book\/","title":{"rendered":"TLAK 2021 sborn\u00edk refer\u00e1t\u016f e-book"},"content":{"rendered":"<p><strong>Sborn\u00edk refer\u00e1t\u016f 21. ro\u010dn\u00edku odborn\u00e9ho f\u00f3ra TLAK 2023 ve form\u011b elektronick\u00e9 publikace.<\/strong><\/p>\n<p>Kolektiv autor\u016f<\/p>\n<h3 class=\"wp-block-heading\">Rozsah publikace:<\/h3>\n<p>128 stran<\/p>\n<h2 class=\"wp-block-heading\"><strong>Obsah publikace:<\/strong><\/h2>\n<p><strong>P\u0159ipravovan\u00e9 Na\u0159\u00edzen\u00ed vl\u00e1dy pro tlakov\u00e1 za\u0159\u00edzen\u00ed\u00a0<\/strong><br \/>\nIng. Roman \u0158ez\u00e1\u010d<br \/>\nTechnick\u00e1 inspekce \u010cesk\u00e9 republiky<br \/>\nHradec Kr\u00e1lov\u00e9<\/p>\n<p><strong>Inspekce technick\u00fdch za\u0159\u00edzen\u00ed a management rizik\u00a0<\/strong><br \/>\nIng. Luk\u00e1\u0161 Turza, Ph. D.<br \/>\nLL &#8211; C. (Certifi cation), a.s.<br \/>\nPraha<\/p>\n<p><strong>Koroze a po\u0161kozen\u00ed povrchov\u00fdch \u00faprav jako riziko\u00a0<\/strong><br \/>\nIng. Ji\u0159\u00ed Kucha\u0159, Ph.D., IWE, Doc. Ing. Viktor Kreibich, CSc.<br \/>\n\u010cVUT v Praze, fakulta strojn\u00ed, \u00dastav stroj\u00edrensk\u00e9 technologie<br \/>\nPraha<\/p>\n<p><strong>P\u0159\u00edpadov\u00e9 studie \u0159e\u0161en\u00ed opakovan\u00fdch net\u011bsnost\u00ed na p\u0159\u00edrubov\u00fdch spoj\u00edch\u00a0<\/strong><br \/>\nIng. Martin Tesa\u0159<br \/>\nPokorn\u00fd spol. s r. o.<br \/>\nBrno<\/p>\n<p><strong>P\u0159ehled technologi\u00ed pou\u017e\u00edvan\u00fdch pro do\u010dasn\u00e9 p\u0159eru\u0161en\u00ed pr\u016ftoku m\u00e9dia v tlakov\u00fdch za\u0159\u00edzen\u00edch<\/strong><br \/>\nMiroslav Stehl\u00edk, Tom\u00e1\u0161 Mo\u0159ick\u00fd<br \/>\nFASTRA s.r.o.<br \/>\nKol\u00edn<br \/>\n<strong><br \/>\nMateri\u00e1ly pro tlakov\u00e1 za\u0159\u00edzen\u00ed<\/strong><br \/>\n<strong>Syst\u00e9my ozna\u010dov\u00e1n\u00ed ocel\u00ed dle \u010cSN EN 10027-1 a \u010cSN EN 10027-2\u00a0<\/strong><br \/>\nIng. Jan Weischera, DWV<br \/>\nAsociace poskytovatel\u016f technick\u00fdch informac\u00ed, z. s.<br \/>\nPraha<\/p>\n<p><strong>Usklad\u0148ovac\u00ed n\u00e1dr\u017ee, problematika jejich degradace, identifi kace vad<\/strong><br \/>\n<strong>a zp\u016fsoby jejich odstra\u0148ov\u00e1n\u00ed\u00a0<\/strong><br \/>\nIng. Jakub Gottvald, Ph.D.<br \/>\nTWSCON s.r.o.<br \/>\nBrno<\/p>\n<p><strong>Tepeln\u00e9 deform\u00e1cie a nap\u00e4tia \u2013 pr\u00ed\u010diny po\u0161koden\u00ed, por\u00fach a hav\u00e1ri\u00ed tlakov\u00fdch zariaden\u00ed<\/strong><br \/>\nIng. J\u00e1n Kudlovsk\u00fd<br \/>\ntechnick\u00fd konzultant, APTI z.s.<br \/>\nKo\u0161ice, Slovensko<\/p>\n<p><strong>Hav\u00e1ria tlakov\u00e9ho zariadenia vzduchov\u00fdch chladi\u010dov Hydrokraku\u00a0<\/strong><br \/>\nDoc. Ing. Peter Bernasovsk\u00fd, EWE, Ph.D.<br \/>\nkonzultant APTI z.s. \u201eFailure analyses\u201c<br \/>\nBratislava, Slovensko<br \/>\n<strong><br \/>\nPoruchy na plynov\u00fdch a tlakov\u00fdch za\u0159\u00edzen\u00edch a jejich konsekvence\u00a0<\/strong><br \/>\nIng. Jaroslav Barto\u0161, Ph.D.<br \/>\nAsociace poskytovatel\u016f technick\u00fdch informac\u00ed, z. s.<br \/>\nOstrava<\/p>\n","protected":false},"excerpt":{"rendered":"<p>Sborn\u00edk refer\u00e1t\u016f 21. ro\u010dn\u00edku odborn\u00e9ho f\u00f3ra TLAK 2023 ve form\u011b elektronick\u00e9 publikace. Kolektiv autor\u016f Rozsah publikace: 128 stran Obsah publikace: P\u0159ipravovan\u00e9 Na\u0159\u00edzen\u00ed vl\u00e1dy pro tlakov\u00e1 za\u0159\u00edzen\u00ed\u00a0 Ing. Roman \u0158ez\u00e1\u010d Technick\u00e1&#8230;<\/p>\n","protected":false},"featured_media":1942,"comment_status":"closed","ping_status":"closed","template":"","meta":[],"product_brand":[],"product_cat":[38,37,44,43],"product_tag":[],"class_list":{"0":"post-1938","1":"product","2":"type-product","3":"status-publish","4":"has-post-thumbnail","6":"product_cat-elektronicke-publikace","7":"product_cat-publikace","8":"product_cat-sborniky","9":"product_cat-vyhrazena-technicka-tlakova-zarizeni","11":"first","12":"instock","13":"downloadable","14":"virtual","15":"taxable","16":"purchasable","17":"product-type-simple"},"jetpack_sharing_enabled":true,"_links":{"self":[{"href":"https:\/\/www.apti.cz\/index.php\/wp-json\/wp\/v2\/product\/1938","targetHints":{"allow":["GET"]}}],"collection":[{"href":"https:\/\/www.apti.cz\/index.php\/wp-json\/wp\/v2\/product"}],"about":[{"href":"https:\/\/www.apti.cz\/index.php\/wp-json\/wp\/v2\/types\/product"}],"replies":[{"embeddable":true,"href":"https:\/\/www.apti.cz\/index.php\/wp-json\/wp\/v2\/comments?post=1938"}],"wp:featuredmedia":[{"embeddable":true,"href":"https:\/\/www.apti.cz\/index.php\/wp-json\/wp\/v2\/media\/1942"}],"wp:attachment":[{"href":"https:\/\/www.apti.cz\/index.php\/wp-json\/wp\/v2\/media?parent=1938"}],"wp:term":[{"taxonomy":"product_brand","embeddable":true,"href":"https:\/\/www.apti.cz\/index.php\/wp-json\/wp\/v2\/product_brand?post=1938"},{"taxonomy":"product_cat","embeddable":true,"href":"https:\/\/www.apti.cz\/index.php\/wp-json\/wp\/v2\/product_cat?post=1938"},{"taxonomy":"product_tag","embeddable":true,"href":"https:\/\/www.apti.cz\/index.php\/wp-json\/wp\/v2\/product_tag?post=1938"}],"curies":[{"name":"wp","href":"https:\/\/api.w.org\/{rel}","templated":true}]}}