{"id":1926,"date":"2024-03-05T15:52:48","date_gmt":"2024-03-05T15:52:48","guid":{"rendered":"https:\/\/www.apti.cz\/?post_type=product&#038;p=1926"},"modified":"2026-01-13T23:25:47","modified_gmt":"2026-01-13T23:25:47","slug":"tlak-2023-sbornik-referatu-e-book","status":"publish","type":"product","link":"https:\/\/www.apti.cz\/index.php\/produkt\/tlak-2023-sbornik-referatu-e-book\/","title":{"rendered":"TLAK 2023 sborn\u00edk refer\u00e1t\u016f e-book"},"content":{"rendered":"<p><strong>Sborn\u00edk refer\u00e1t\u016f 23. ro\u010dn\u00edku odborn\u00e9ho f\u00f3ra TLAK 2023 ve form\u011b elektronick\u00e9 publikace. Sou\u010d\u00e1st\u00ed je tak\u00e9 elektronick\u00fd p\u0159\u00edstup k materi\u00e1l\u016fm na port\u00e1lu technicka-zarizeni.cz a tak\u00e9 aktu\u00e1ln\u011b vydan\u00e1 stanoviska.<\/strong><\/p>\n<p>Kolektiv autor\u016f<\/p>\n<h3 class=\"wp-block-heading\">Rozsah publikace:<\/h3>\n<p>128 stran + elektronick\u00e1 p\u0159\u00edloha \u2013 prezentace z konference.<\/p>\n<h2 class=\"wp-block-heading\"><strong>Obsah publikace:<\/strong><\/h2>\n<p><strong>Hodnocen\u00ed stavu p\u0159\u00edrubov\u00fdch spoj\u016f metodou MMM<\/strong><br \/>\nIng. Petr Vl\u010dek<br \/>\nCentrum v\u00fdzkumu \u0158e\u017e, s.r.o.<\/p>\n<p><strong>Kompozitn\u00e9 tlakov\u00e9 n\u00e1doby na energetick\u00e9 m\u00e9di\u00e1 s vyu\u017eit\u00edm uhl\u00edkov\u00fdch vl\u00e1ken<\/strong><br \/>\nIng. Peter Lakato\u0161, CSc., IWE<br \/>\nAPTI, z.s.<\/p>\n<p><strong>\u00danosnost svaru mezi hrdlem a pl\u00e1\u0161t\u011bm tlakov\u00e9 n\u00e1doby<\/strong><br \/>\nIng. V\u00e1clav Peka\u0159, CSc.<br \/>\nAPTI, z.s.<\/p>\n<p><strong>Vliv maz\u00e1n\u00ed spojovac\u00edho materi\u00e1lu na t\u011bsnost p\u0159\u00edrubov\u00e9ho spoje<\/strong><br \/>\nIng. Martin Tesa\u0159<br \/>\nPokorn\u00fd Industries, s.r.o.<\/p>\n<p><strong>Speci\u00e1ln\u00ed bez\u00fanikov\u00e9 technologie pou\u017e\u00edvan\u00e9 p\u0159i servisn\u00edch \u010dinnostech na potrub\u00ed<\/strong><br \/>\nIng. Jan K\u00e1nsk\u00fd<br \/>\nFASTRA, s.r.o.<\/p>\n<p><strong>Obnova plasticity tepeln\u011b exploatovan\u00e9 oceli \u010cSN 15 125<\/strong><br \/>\nPetr Bene\u0161<br \/>\nCentrum v\u00fdzkumu \u0158e\u017e, s.r.o.<\/p>\n<p><strong>M\u011b\u0159en\u00ed vad na svorn\u00edc\u00edch a z\u00e1vitov\u00fdch hn\u00edzdech p\u0159\u00edrubov\u00fdch spoj\u016f<\/strong><br \/>\nPavel Zahr\u00e1dka, Zden\u011bk Ful\u00edn<br \/>\nCentrum v\u00fdzkumu \u0158e\u017e, s.r.o.<\/p>\n<p><strong>Tepeln\u00e9 deform\u00e1cie a nap\u00e4tia \u2013 pr\u00ed\u010diny po\u0161koden\u00ed, por\u00fach a hav\u00e1ri\u00ed tlakov\u00fdch zariaden\u00ed<\/strong><br \/>\nIng. J\u00e1n Kudlovsk\u00fd<br \/>\nAPTI, z.s.<\/p>\n<p><strong>Erozno-kavita\u010dn\u00e9 napadnutie tlakov\u00e9ho potrubia<\/strong><br \/>\nDoc. Ing. Peter Bernasovsk\u00fd, PhD., EWE<br \/>\nAPTI, z.s.<\/p>\n<p><strong>Nov\u00e9 normy pro tlakov\u00e1 za\u0159\u00edzen\u00ed a sva\u0159ov\u00e1n\u00ed<\/strong><br \/>\nIng. Jan Weischera<br \/>\nAPTI, z.s.<\/p>\n<p><strong>Problematika tvorby anal\u00fdzy rizik pro vyhrazen\u00e1 tlakov\u00e1 za\u0159\u00edzen\u00ed<\/strong><br \/>\nIng. Luk\u00e1\u0161 Turza, Ph.D., IWE<br \/>\n\u010cVUT v Praze<\/p>\n<p><strong>P\u0159\u00edklady ur\u010den\u00ed vyhrazen\u00fdch tlakov\u00fdch za\u0159\u00edzen\u00ed a nevyhrazen\u00fdch tlakov\u00fdch n\u00e1dob v regula\u010dn\u00ed stanici plynu dle Na\u0159\u00edzen\u00ed vl\u00e1dy \u010d. 192\/2022 Sb.<\/strong><br \/>\nOtto Hahn<br \/>\nAmpluservis, a.s.<\/p>\n<p><strong>Zku\u0161enosti pov\u011b\u0159en\u00e9 organizace s uplat\u0148ov\u00e1n\u00edm nov\u00e9 legislativy<\/strong><br \/>\nIng. Roman \u0158ez\u00e1\u010d<br \/>\nTI\u010cR<\/p>\n<p><strong>Hav\u00e1rie a \u00farazy p\u0159i provozu tlakov\u00fdch za\u0159\u00edzen\u00ed<\/strong><br \/>\nIng. Milan Mocker<br \/>\nOIP pro \u00dasteck\u00fd a Libereck\u00fd kraj<\/p>\n<p><strong>Stanoviska S\u00daIP k ot\u00e1zk\u00e1m v oblasti VTZ-TZ a souvisej\u00edc\u00ed legislativ\u011b<\/strong><br \/>\nJan Lhotsk\u00fd<br \/>\nMedim, spol. s r.o.<\/p>\n<p><strong>M\u00edra rizika technick\u00fdch za\u0159\u00edzen\u00ed ur\u010den\u00e1 pomoc\u00ed nedestruktivn\u00edch metod<\/strong><br \/>\nDoc. RNDr. Dana Proch\u00e1zkov\u00e1, CSc., DrSc.<br \/>\nAPTI, z.s.<\/p>\n<p><strong>Elektronick\u00e9 dokumenty \u2013 od podpisu a\u017e po archivaci<\/strong><br \/>\nIng. Martin Vondrou\u0161<br \/>\nSoftware 602 a.s.<\/p>\n","protected":false},"excerpt":{"rendered":"<p>Sborn\u00edk refer\u00e1t\u016f 23. ro\u010dn\u00edku odborn\u00e9ho f\u00f3ra TLAK 2023 ve form\u011b elektronick\u00e9 publikace. Sou\u010d\u00e1st\u00ed je tak\u00e9 elektronick\u00fd p\u0159\u00edstup k materi\u00e1l\u016fm na port\u00e1lu technicka-zarizeni.cz a tak\u00e9 aktu\u00e1ln\u011b vydan\u00e1 stanoviska. Kolektiv autor\u016f Rozsah&#8230;<\/p>\n","protected":false},"featured_media":1928,"comment_status":"closed","ping_status":"closed","template":"","meta":[],"product_brand":[],"product_cat":[38,37,44,43],"product_tag":[],"class_list":{"0":"post-1926","1":"product","2":"type-product","3":"status-publish","4":"has-post-thumbnail","6":"product_cat-elektronicke-publikace","7":"product_cat-publikace","8":"product_cat-sborniky","9":"product_cat-vyhrazena-technicka-tlakova-zarizeni","11":"first","12":"instock","13":"downloadable","14":"virtual","15":"taxable","16":"purchasable","17":"product-type-simple"},"jetpack_sharing_enabled":true,"_links":{"self":[{"href":"https:\/\/www.apti.cz\/index.php\/wp-json\/wp\/v2\/product\/1926","targetHints":{"allow":["GET"]}}],"collection":[{"href":"https:\/\/www.apti.cz\/index.php\/wp-json\/wp\/v2\/product"}],"about":[{"href":"https:\/\/www.apti.cz\/index.php\/wp-json\/wp\/v2\/types\/product"}],"replies":[{"embeddable":true,"href":"https:\/\/www.apti.cz\/index.php\/wp-json\/wp\/v2\/comments?post=1926"}],"wp:featuredmedia":[{"embeddable":true,"href":"https:\/\/www.apti.cz\/index.php\/wp-json\/wp\/v2\/media\/1928"}],"wp:attachment":[{"href":"https:\/\/www.apti.cz\/index.php\/wp-json\/wp\/v2\/media?parent=1926"}],"wp:term":[{"taxonomy":"product_brand","embeddable":true,"href":"https:\/\/www.apti.cz\/index.php\/wp-json\/wp\/v2\/product_brand?post=1926"},{"taxonomy":"product_cat","embeddable":true,"href":"https:\/\/www.apti.cz\/index.php\/wp-json\/wp\/v2\/product_cat?post=1926"},{"taxonomy":"product_tag","embeddable":true,"href":"https:\/\/www.apti.cz\/index.php\/wp-json\/wp\/v2\/product_tag?post=1926"}],"curies":[{"name":"wp","href":"https:\/\/api.w.org\/{rel}","templated":true}]}}