{"id":1899,"date":"2024-03-04T23:25:27","date_gmt":"2024-03-04T23:25:27","guid":{"rendered":"https:\/\/www.apti.cz\/?post_type=product&#038;p=1899"},"modified":"2024-03-04T23:28:25","modified_gmt":"2024-03-04T23:28:25","slug":"soubor-otazek-pro-obecny-test-pz-e1","status":"publish","type":"product","link":"https:\/\/www.apti.cz\/index.php\/produkt\/soubor-otazek-pro-obecny-test-pz-e1\/","title":{"rendered":"Soubor ot\u00e1zek pro obecn\u00fd test PZ E1"},"content":{"rendered":"<p>Soubor ot\u00e1zek obecn\u00e9ho testu pro revizn\u00ed techniky a mont\u00e1\u017en\u00ed pracovn\u00edky plynov\u00fdch za\u0159\u00edzen\u00ed ke zkou\u0161ce odborn\u00e9 zp\u016fsobilosti.<\/p>\n<p>Elektronick\u00e1 publikace ve form\u00e1tu PDF<\/p>\n<p>16 stran textu<\/p>\n","protected":false},"excerpt":{"rendered":"<p>Soubor ot\u00e1zek obecn\u00e9ho testu pro revizn\u00ed techniky a mont\u00e1\u017en\u00ed pracovn\u00edky plynov\u00fdch za\u0159\u00edzen\u00ed ke zkou\u0161ce odborn\u00e9 zp\u016fsobilosti. Elektronick\u00e1 publikace ve form\u00e1tu PDF 16 stran textu<\/p>\n","protected":false},"featured_media":1901,"comment_status":"closed","ping_status":"closed","template":"","meta":[],"product_brand":[],"product_cat":[38,42],"product_tag":[41],"class_list":{"0":"post-1899","1":"product","2":"type-product","3":"status-publish","4":"has-post-thumbnail","6":"product_cat-elektronicke-publikace","7":"product_cat-vyhrazena-technicka-plynova-zarizeni","8":"product_tag-plynova_zarizeni","10":"first","11":"instock","12":"downloadable","13":"virtual","14":"taxable","15":"purchasable","16":"product-type-simple"},"jetpack_sharing_enabled":true,"_links":{"self":[{"href":"https:\/\/www.apti.cz\/index.php\/wp-json\/wp\/v2\/product\/1899","targetHints":{"allow":["GET"]}}],"collection":[{"href":"https:\/\/www.apti.cz\/index.php\/wp-json\/wp\/v2\/product"}],"about":[{"href":"https:\/\/www.apti.cz\/index.php\/wp-json\/wp\/v2\/types\/product"}],"replies":[{"embeddable":true,"href":"https:\/\/www.apti.cz\/index.php\/wp-json\/wp\/v2\/comments?post=1899"}],"wp:featuredmedia":[{"embeddable":true,"href":"https:\/\/www.apti.cz\/index.php\/wp-json\/wp\/v2\/media\/1901"}],"wp:attachment":[{"href":"https:\/\/www.apti.cz\/index.php\/wp-json\/wp\/v2\/media?parent=1899"}],"wp:term":[{"taxonomy":"product_brand","embeddable":true,"href":"https:\/\/www.apti.cz\/index.php\/wp-json\/wp\/v2\/product_brand?post=1899"},{"taxonomy":"product_cat","embeddable":true,"href":"https:\/\/www.apti.cz\/index.php\/wp-json\/wp\/v2\/product_cat?post=1899"},{"taxonomy":"product_tag","embeddable":true,"href":"https:\/\/www.apti.cz\/index.php\/wp-json\/wp\/v2\/product_tag?post=1899"}],"curies":[{"name":"wp","href":"https:\/\/api.w.org\/{rel}","templated":true}]}}