{"id":1413,"date":"2023-01-03T08:37:30","date_gmt":"2023-01-03T08:37:30","guid":{"rendered":"https:\/\/www.apti.cz\/?post_type=product&#038;p=1413"},"modified":"2026-03-17T15:18:09","modified_gmt":"2026-03-17T15:18:09","slug":"potrubi-2022","status":"publish","type":"product","link":"https:\/\/www.apti.cz\/index.php\/produkt\/potrubi-2022\/","title":{"rendered":"POTRUB\u00cd 2022 sborn\u00edk refer\u00e1t\u016f-ebook"},"content":{"rendered":"<p><strong>Sborn\u00edk refer\u00e1t\u016f z odborn\u00e9 konference POTRUB\u00cd 2022. Sou\u010d\u00e1st\u00ed je tak\u00e9 elektronick\u00fd p\u0159\u00edstup k materi\u00e1l\u016fm z konference na port\u00e1lu technicka-zarizeni.cz a \u0159ada bonusov\u00fdch materi\u00e1l\u016f, mj. tak\u00e9 platn\u00e9 zn\u011bn\u00ed z\u00e1kona \u010d. 250\/2021 Sb.<\/strong><\/p>\n<h1><strong>POTRUB\u00cd 2022 Sborn\u00edk refer\u00e1t\u016f<\/strong><\/h1>\n<p>kolektiv autor\u016f<br \/>\nVydalo nakladatelstv\u00ed a vydavatelstv\u00ed Medim, spol. s r.o.<br \/>\nForm\u00e1t: A4<br \/>\nRozsah: 112 stran + elektronick\u00e1 p\u0159\u00edloha publikace<br \/>\n<strong>ISBN 978-80-87140-63-5<\/strong><\/p>\n<h2><strong>Obsah publikace:<\/strong><\/h2>\n<p><strong>P\u0159ipravenost potrub\u00ed z plast\u016f pro p\u0159epravu vod\u00edku v plyn\u00e1rensk\u00fdch a pr\u016fmyslov\u00fdch soustav\u00e1ch a digitalizace elektrosva\u0159ov\u00e1n\u00ed<\/strong><br \/>\nIng. Ji\u0159\u00ed Janich, Aliaxis \u010cesk\u00e1 republika s.r.o.<\/p>\n<p><strong>P\u0159ehled technologi\u00ed pou\u017e\u00edvan\u00fd ch pro do\u010dasn\u00e9 p\u0159eru\u0161en\u00ed pr\u016ftoku m\u00e9dia ve vysokotlak\u00fdch potrub\u00edch<\/strong><br \/>\nIng. Jan K\u00e1nsk\u00fd, FASTRA s.r.o.<\/p>\n<p><strong>\u0158e\u0161en\u00ed opakovan\u00fdch net\u011bsnost\u00ed na p\u0159\u00edrubov\u00fdch spoj\u00edch<\/strong><br \/>\nIng. Martin Tesa\u0159<\/p>\n<p><strong>Aplikace produkt\u016f Hexagon v re\u00e1ln\u00fdch projektech<\/strong><br \/>\nIng. Michal Mih\u00e1lik<\/p>\n<p><strong>\u010cSN EN 10253-2 Potrubn\u00ed tvarovky pro p\u0159iva\u0159en\u00ed tup\u00fdm svarem \u2013 \u010c\u00e1st 2: Nelegovan\u00e9<br \/>\na feritick\u00e9 oceli se stanoven\u00edm po\u017eadavk\u016f pro kontrolu<\/strong><br \/>\nIng. Jan Weischera \u2013 DWV<\/p>\n<p><strong>Chov\u00e1n\u00ed potrub\u00ed s defekty p\u0159i dosa\u017een\u00ed mezn\u00edho stavu zat\u00ed\u017een\u00ed<\/strong><br \/>\nIng. V\u00e1clav Svoboda<\/p>\n<p><strong>P\u0159\u00edklady po\u0161kozov\u00e1n\u00ed sva\u0159ovan\u00fdch potrub\u00ed v pr\u016fmyslu<\/strong><br \/>\nDoc. Ing. Peter Bernasovsk\u00fd, EWE, Ph.D.<\/p>\n<p><strong>Inspekce technick\u00fdch za\u0159\u00edzen\u00ed a management rizik<\/strong><br \/>\nIng. Luk\u00e1\u0161 Turza, Ph.D., IWE<\/p>\n<p><strong>Povrchov\u00e9 \u00fapravy armatur \u2013 n\u00e1stroj pro zv\u00fd\u0161en\u00ed \u017eivotnosti armatur v potrubn\u00edch syst\u00e9mech<\/strong><br \/>\nIng. Jaroslav Slav\u00ed\u010dek<\/p>\n<p><strong>Nov\u00e9 p\u0159\u00edstupy ke kontrole potrub\u00ed<\/strong><br \/>\nIng. Pavel Petr\u00e1sek<\/p>\n<p><strong>V\u00fdpo\u010det limitn\u00edch velikost\u00ed vad potrub\u00ed v provozu<\/strong><br \/>\nIng. V\u00e1clav Peka\u0159, CSc.<\/p>\n<p><strong>NDT inspekce pomoc\u00ed BEM\u2122<\/strong><br \/>\nMgr. Vojt\u011bch K\u0159\u00ed\u017e<\/p>\n<p><strong>Progresivn\u00ed metody v\u00fduky sv\u00e1\u0159e\u010d\u016f potrubn\u00edch syst\u00e9m\u016f velk\u00fdch rozm\u011br\u016f s vyu\u017eit\u00edm virtualizace procesu<\/strong><br \/>\nIng. Tom\u00e1\u0161 Gur\u010d\u00edk, IWE<\/p>\n<p><strong>Koment\u00e1\u0159 k z\u00e1konu \u010d. 250\/2021 Sb.<\/strong><br \/>\nJan Lhotsk\u00fd, MBA<\/p>\n","protected":false},"excerpt":{"rendered":"<p>Sborn\u00edk refer\u00e1t\u016f z odborn\u00e9 konference POTRUB\u00cd 2022. Sou\u010d\u00e1st\u00ed je tak\u00e9 elektronick\u00fd p\u0159\u00edstup k materi\u00e1l\u016fm z konference na port\u00e1lu technicka-zarizeni.cz a \u0159ada bonusov\u00fdch materi\u00e1l\u016f, mj. tak\u00e9 platn\u00e9 zn\u011bn\u00ed z\u00e1kona \u010d. 250\/2021&#8230;<\/p>\n","protected":false},"featured_media":1976,"comment_status":"closed","ping_status":"closed","template":"","meta":[],"product_brand":[],"product_cat":[38,37,44],"product_tag":[46],"class_list":{"0":"post-1413","1":"product","2":"type-product","3":"status-publish","4":"has-post-thumbnail","6":"product_cat-elektronicke-publikace","7":"product_cat-publikace","8":"product_cat-sborniky","9":"product_tag-potrubi-2022","11":"first","12":"instock","13":"downloadable","14":"virtual","15":"taxable","16":"purchasable","17":"product-type-simple"},"jetpack_sharing_enabled":true,"_links":{"self":[{"href":"https:\/\/www.apti.cz\/index.php\/wp-json\/wp\/v2\/product\/1413","targetHints":{"allow":["GET"]}}],"collection":[{"href":"https:\/\/www.apti.cz\/index.php\/wp-json\/wp\/v2\/product"}],"about":[{"href":"https:\/\/www.apti.cz\/index.php\/wp-json\/wp\/v2\/types\/product"}],"replies":[{"embeddable":true,"href":"https:\/\/www.apti.cz\/index.php\/wp-json\/wp\/v2\/comments?post=1413"}],"wp:featuredmedia":[{"embeddable":true,"href":"https:\/\/www.apti.cz\/index.php\/wp-json\/wp\/v2\/media\/1976"}],"wp:attachment":[{"href":"https:\/\/www.apti.cz\/index.php\/wp-json\/wp\/v2\/media?parent=1413"}],"wp:term":[{"taxonomy":"product_brand","embeddable":true,"href":"https:\/\/www.apti.cz\/index.php\/wp-json\/wp\/v2\/product_brand?post=1413"},{"taxonomy":"product_cat","embeddable":true,"href":"https:\/\/www.apti.cz\/index.php\/wp-json\/wp\/v2\/product_cat?post=1413"},{"taxonomy":"product_tag","embeddable":true,"href":"https:\/\/www.apti.cz\/index.php\/wp-json\/wp\/v2\/product_tag?post=1413"}],"curies":[{"name":"wp","href":"https:\/\/api.w.org\/{rel}","templated":true}]}}