{"id":1397,"date":"2022-12-31T21:34:50","date_gmt":"2022-12-31T21:34:50","guid":{"rendered":"https:\/\/www.apti.cz\/?post_type=product&#038;p=1397"},"modified":"2024-03-14T13:06:02","modified_gmt":"2024-03-14T13:06:02","slug":"soubor-otazek-pro-test-pz-g1","status":"publish","type":"product","link":"https:\/\/www.apti.cz\/index.php\/produkt\/soubor-otazek-pro-test-pz-g1\/","title":{"rendered":"Soubor ot\u00e1zek pro test PZ G1"},"content":{"rendered":"<p><strong>Soubor ot\u00e1zek pro test PZ G1 \u2013 Spot\u0159ebi\u010de s v\u00fdkonem pod 50 kW na plynn\u00e1 paliva v\u010detn\u011b spot\u0159ebi\u010d\u016f na vyt\u00e1p\u011bn\u00ed nebytov\u00fdch prostor, mimo pec\u00ed a pr\u016fmyslov\u00fdch tepeln\u00fdch za\u0159\u00edzen\u00ed<\/strong><br \/>\nSoubor celkem ot\u00e1zek obecn\u00e9ho testu pro revizn\u00ed techniky a mont\u00e1\u017en\u00ed pracovn\u00edky<br \/>\nelektronick\u00e1 publikace ve form\u00e1tu PDF<\/p>\n","protected":false},"excerpt":{"rendered":"<p>Soubor ot\u00e1zek pro test PZ G1 \u2013 Spot\u0159ebi\u010de s v\u00fdkonem pod 50 kW na plynn\u00e1 paliva v\u010detn\u011b spot\u0159ebi\u010d\u016f na vyt\u00e1p\u011bn\u00ed nebytov\u00fdch prostor, mimo pec\u00ed a pr\u016fmyslov\u00fdch tepeln\u00fdch za\u0159\u00edzen\u00ed Soubor celkem&#8230;<\/p>\n","protected":false},"featured_media":1919,"comment_status":"closed","ping_status":"closed","template":"","meta":[],"product_brand":[],"product_cat":[38,42],"product_tag":[41],"class_list":{"0":"post-1397","1":"product","2":"type-product","3":"status-publish","4":"has-post-thumbnail","6":"product_cat-elektronicke-publikace","7":"product_cat-vyhrazena-technicka-plynova-zarizeni","8":"product_tag-plynova_zarizeni","10":"first","11":"instock","12":"downloadable","13":"virtual","14":"taxable","15":"purchasable","16":"product-type-simple"},"jetpack_sharing_enabled":true,"_links":{"self":[{"href":"https:\/\/www.apti.cz\/index.php\/wp-json\/wp\/v2\/product\/1397","targetHints":{"allow":["GET"]}}],"collection":[{"href":"https:\/\/www.apti.cz\/index.php\/wp-json\/wp\/v2\/product"}],"about":[{"href":"https:\/\/www.apti.cz\/index.php\/wp-json\/wp\/v2\/types\/product"}],"replies":[{"embeddable":true,"href":"https:\/\/www.apti.cz\/index.php\/wp-json\/wp\/v2\/comments?post=1397"}],"wp:featuredmedia":[{"embeddable":true,"href":"https:\/\/www.apti.cz\/index.php\/wp-json\/wp\/v2\/media\/1919"}],"wp:attachment":[{"href":"https:\/\/www.apti.cz\/index.php\/wp-json\/wp\/v2\/media?parent=1397"}],"wp:term":[{"taxonomy":"product_brand","embeddable":true,"href":"https:\/\/www.apti.cz\/index.php\/wp-json\/wp\/v2\/product_brand?post=1397"},{"taxonomy":"product_cat","embeddable":true,"href":"https:\/\/www.apti.cz\/index.php\/wp-json\/wp\/v2\/product_cat?post=1397"},{"taxonomy":"product_tag","embeddable":true,"href":"https:\/\/www.apti.cz\/index.php\/wp-json\/wp\/v2\/product_tag?post=1397"}],"curies":[{"name":"wp","href":"https:\/\/api.w.org\/{rel}","templated":true}]}}