{"id":1391,"date":"2022-12-31T17:41:29","date_gmt":"2022-12-31T17:41:29","guid":{"rendered":"https:\/\/www.apti.cz\/?post_type=product&#038;p=1391"},"modified":"2024-03-05T00:34:38","modified_gmt":"2024-03-05T00:34:38","slug":"soubor-otazek-pro-test-pz-f2","status":"publish","type":"product","link":"https:\/\/www.apti.cz\/index.php\/produkt\/soubor-otazek-pro-test-pz-f2\/","title":{"rendered":"Soubor ot\u00e1zek pro test PZ F2"},"content":{"rendered":"<p><strong>Soubor ot\u00e1zek pro test PZ F2 \u2013 Pr\u016fmyslov\u00e9 plynovody na plynn\u00e1 paliva krom\u011b P, B a jejich sm\u011bs\u00ed<\/strong><br \/>\nSoubor ot\u00e1zek obecn\u00e9ho testu pro revizn\u00ed techniky a mont\u00e1\u017en\u00ed pracovn\u00edky plynov\u00fdch za\u0159\u00edzen\u00ed skupiny F2<br \/>\nelektronick\u00e1 publikace ve form\u00e1tu PDF<\/p>\n","protected":false},"excerpt":{"rendered":"<p>Soubor ot\u00e1zek pro test PZ F2 \u2013 Pr\u016fmyslov\u00e9 plynovody na plynn\u00e1 paliva krom\u011b P, B a jejich sm\u011bs\u00ed Soubor ot\u00e1zek obecn\u00e9ho testu pro revizn\u00ed techniky a mont\u00e1\u017en\u00ed pracovn\u00edky plynov\u00fdch za\u0159\u00edzen\u00ed&#8230;<\/p>\n","protected":false},"featured_media":1910,"comment_status":"closed","ping_status":"closed","template":"","meta":[],"product_brand":[],"product_cat":[38,42],"product_tag":[41],"class_list":{"0":"post-1391","1":"product","2":"type-product","3":"status-publish","4":"has-post-thumbnail","6":"product_cat-elektronicke-publikace","7":"product_cat-vyhrazena-technicka-plynova-zarizeni","8":"product_tag-plynova_zarizeni","10":"first","11":"instock","12":"downloadable","13":"virtual","14":"taxable","15":"purchasable","16":"product-type-simple"},"jetpack_sharing_enabled":true,"_links":{"self":[{"href":"https:\/\/www.apti.cz\/index.php\/wp-json\/wp\/v2\/product\/1391","targetHints":{"allow":["GET"]}}],"collection":[{"href":"https:\/\/www.apti.cz\/index.php\/wp-json\/wp\/v2\/product"}],"about":[{"href":"https:\/\/www.apti.cz\/index.php\/wp-json\/wp\/v2\/types\/product"}],"replies":[{"embeddable":true,"href":"https:\/\/www.apti.cz\/index.php\/wp-json\/wp\/v2\/comments?post=1391"}],"wp:featuredmedia":[{"embeddable":true,"href":"https:\/\/www.apti.cz\/index.php\/wp-json\/wp\/v2\/media\/1910"}],"wp:attachment":[{"href":"https:\/\/www.apti.cz\/index.php\/wp-json\/wp\/v2\/media?parent=1391"}],"wp:term":[{"taxonomy":"product_brand","embeddable":true,"href":"https:\/\/www.apti.cz\/index.php\/wp-json\/wp\/v2\/product_brand?post=1391"},{"taxonomy":"product_cat","embeddable":true,"href":"https:\/\/www.apti.cz\/index.php\/wp-json\/wp\/v2\/product_cat?post=1391"},{"taxonomy":"product_tag","embeddable":true,"href":"https:\/\/www.apti.cz\/index.php\/wp-json\/wp\/v2\/product_tag?post=1391"}],"curies":[{"name":"wp","href":"https:\/\/api.w.org\/{rel}","templated":true}]}}