{"id":1374,"date":"2026-03-28T14:34:31","date_gmt":"2026-03-28T14:34:31","guid":{"rendered":"https:\/\/www.apti.cz\/?post_type=product&#038;p=1374"},"modified":"2026-03-28T17:43:57","modified_gmt":"2026-03-28T17:43:57","slug":"soubor-otazek-pro-obecny-test-tz-ob","status":"publish","type":"product","link":"https:\/\/www.apti.cz\/index.php\/produkt\/soubor-otazek-pro-obecny-test-tz-ob\/","title":{"rendered":"Soubor ot\u00e1zek pro obecn\u00fd test TZ OB"},"content":{"rendered":"<p>Platnost od 1. \u00fanora 2025<\/p>\n<p>Rozsah 20 stran textu<\/p>\n<p>Soubor celkem 40 ti zpracovan\u00fdch odpov\u011bd\u00ed na u\u010debn\u00ed ot\u00e1zky k p\u0159\u00edprav\u011b na obecn\u00fd test pro revizn\u00ed techniky tlakov\u00fdch n\u00e1dob stabiln\u00edch, v\u010detn\u011b zd\u016fvodn\u011bn\u00ed.<\/p>\n<p>Elektronick\u00e1 publikace ve form\u00e1tu PDF.<\/p>\n<p>Verze dokumentu 2026.02<\/p>\n","protected":false},"excerpt":{"rendered":"<p>Platnost od 1. \u00fanora 2025 Rozsah 20 stran textu Soubor celkem 40 ti zpracovan\u00fdch odpov\u011bd\u00ed na u\u010debn\u00ed ot\u00e1zky k p\u0159\u00edprav\u011b na obecn\u00fd test pro revizn\u00ed techniky tlakov\u00fdch n\u00e1dob stabiln\u00edch, v\u010detn\u011b&#8230;<\/p>\n","protected":false},"featured_media":2681,"comment_status":"closed","ping_status":"closed","template":"","meta":[],"product_brand":[],"product_cat":[38,43],"product_tag":[],"class_list":{"0":"post-1374","1":"product","2":"type-product","3":"status-publish","4":"has-post-thumbnail","6":"product_cat-elektronicke-publikace","7":"product_cat-vyhrazena-technicka-tlakova-zarizeni","9":"first","10":"instock","11":"downloadable","12":"virtual","13":"taxable","14":"purchasable","15":"product-type-simple"},"jetpack_sharing_enabled":true,"_links":{"self":[{"href":"https:\/\/www.apti.cz\/index.php\/wp-json\/wp\/v2\/product\/1374","targetHints":{"allow":["GET"]}}],"collection":[{"href":"https:\/\/www.apti.cz\/index.php\/wp-json\/wp\/v2\/product"}],"about":[{"href":"https:\/\/www.apti.cz\/index.php\/wp-json\/wp\/v2\/types\/product"}],"replies":[{"embeddable":true,"href":"https:\/\/www.apti.cz\/index.php\/wp-json\/wp\/v2\/comments?post=1374"}],"wp:featuredmedia":[{"embeddable":true,"href":"https:\/\/www.apti.cz\/index.php\/wp-json\/wp\/v2\/media\/2681"}],"wp:attachment":[{"href":"https:\/\/www.apti.cz\/index.php\/wp-json\/wp\/v2\/media?parent=1374"}],"wp:term":[{"taxonomy":"product_brand","embeddable":true,"href":"https:\/\/www.apti.cz\/index.php\/wp-json\/wp\/v2\/product_brand?post=1374"},{"taxonomy":"product_cat","embeddable":true,"href":"https:\/\/www.apti.cz\/index.php\/wp-json\/wp\/v2\/product_cat?post=1374"},{"taxonomy":"product_tag","embeddable":true,"href":"https:\/\/www.apti.cz\/index.php\/wp-json\/wp\/v2\/product_tag?post=1374"}],"curies":[{"name":"wp","href":"https:\/\/api.w.org\/{rel}","templated":true}]}}