{"id":9,"date":"2017-08-25T12:43:43","date_gmt":"2017-08-25T12:43:43","guid":{"rendered":"http:\/\/www.apti.cz\/?page_id=9"},"modified":"2024-04-08T13:28:02","modified_gmt":"2024-04-08T13:28:02","slug":"clenstvi","status":"publish","type":"page","link":"https:\/\/www.apti.cz\/index.php\/clenstvi\/","title":{"rendered":"Sta\u0148te se \u010dlenem"},"content":{"rendered":"\n<figure class=\"wp-block-image\"><img loading=\"lazy\" decoding=\"async\" width=\"300\" height=\"66\" src=\"http:\/\/www.apti.cz\/wp-content\/uploads\/2017\/08\/APTI_logo-2-300x66.png\" alt=\"\" class=\"wp-image-43\"\/><\/figure>\n\n\n\n<p><br><strong>Asociace poskytovatel\u016f technick\u00fdch informac\u00ed sdru\u017euje odborn\u00edky technick\u00fdch a strojn\u00edch obor\u016f, konstrukt\u00e9ry, dodavatele, revizn\u00ed\u00a0techniky, servisn\u00ed\u00a0 specialisty, provozovatele vyhrazen\u00fdch technick\u00fdch za\u0159\u00edzen\u00ed, specialisty BOZP a PO. <\/strong><\/p>\n\n\n\n<h1 class=\"wp-block-heading\"><strong>Inspirace<\/strong><\/h1>\n\n\n\n<p>Pravideln\u011b se setk\u00e1v\u00e1me na \u0159ad\u011b tematicky zam\u011b\u0159en\u00fdch odborn\u00fdch akc\u00edch, kde si vym\u011b\u0148ujeme zku\u0161enosti a poznatky z obor\u016f. Pravideln\u011b vyhla\u0161ujeme nejlep\u0161\u00ed osobnosti, projekty, studentsk\u00e9 pr\u00e1ce a objevy roku.<\/p>\n\n\n\n<h1 class=\"wp-block-heading\"><strong>Vzd\u011bl\u00e1v\u00e1n\u00ed<\/strong><\/h1>\n\n\n\n<p>Z\u00edsk\u00e1te p\u0159\u00edstup k odborn\u00fdm semin\u00e1\u0159\u016fm, kurz\u016fm nebo i publikac\u00edm, kter\u00e9 v\u00e1m pomohou s rozvojem. Spolupracujeme s odborn\u00fdm \u0161kolstv\u00edm a pom\u00e1h\u00e1me absolvent\u016fm s uplatn\u011bn\u00edm v oborech na\u0161eho z\u00e1jmu. Podporujeme akademickou i praktickou sf\u00e9ru v jejich \u010dinnostech.<\/p>\n\n\n\n<h1 class=\"wp-block-heading\"><strong>Slevy<\/strong><\/h1>\n\n\n\n<p>\u010clenov\u00e9 APTI maj\u00ed \u00fa\u010dast na akc\u00edch po\u0159\u00e1dan\u00fdch na\u0161\u00ed asociac\u00ed a na\u0161imi partnersk\u00fdmi organizacemi. Slevy m\u016f\u017eete \u010derpat na \u0161kol\u00edc\u00ed akce, kurzy, semin\u00e1\u0159e i odborn\u00e9 publikace.<\/p>\n\n\n\n<h1 class=\"wp-block-heading\"><strong>Propagace<\/strong><\/h1>\n\n\n\n<p>Kdo chce v oborech VTZ n\u011bco znamenat, nesm\u00ed v APTI chyb\u011bt! Je to nejlep\u0161\u00ed zp\u016fsob jak p\u0159esn\u011b c\u00edlit svoji propagaci.<\/p>\n\n\n\n<h1 class=\"wp-block-heading\"><strong>Spole\u010dn\u011b jsme lep\u0161\u00ed<\/strong><\/h1>\n\n\n\n<p>Spole\u010dn\u011b rozv\u00edj\u00edme obory vyhrazen\u00fdch technick\u00fdch za\u0159\u00edzen\u00ed. Vytvo\u0159ili jsme s\u00ed\u0165 odborn\u00fdch konzultant\u016f, kter\u00e1 je zdrojem know-how v oborech VTZ. Pokud si nev\u00edte rady, tak v\u00e1m najdeme pomoc.<\/p>\n\n\n\n<h1 class=\"wp-block-heading\"><strong>Vstupte do APTI!<\/strong><\/h1>\n\n\n\n<p><strong>Pro OSV\u010c a mal\u00e9 firmy do deseti zam\u011bstnanc\u016f je \u010dlenstv\u00ed zdarma.<\/strong><\/p>\n\n\n\n<p>Z\u00edsk\u00e1te tak \u010dlensk\u00e9 \u010d\u00edslo APTICARD pod kter\u00fdm m\u016f\u017eete \u010derpat slevy a bonusy.<\/p>\n\n\n\n<figure class=\"wp-block-image size-large\"><img loading=\"lazy\" decoding=\"async\" width=\"1024\" height=\"615\" src=\"http:\/\/www.apti.cz\/wp-content\/uploads\/2019\/06\/2000x1200_apticard-1024x615.png\" alt=\"\" class=\"wp-image-398\" srcset=\"https:\/\/www.apti.cz\/wp-content\/uploads\/2019\/06\/2000x1200_apticard-1024x615.png 1024w, https:\/\/www.apti.cz\/wp-content\/uploads\/2019\/06\/2000x1200_apticard-200x120.png 200w, https:\/\/www.apti.cz\/wp-content\/uploads\/2019\/06\/2000x1200_apticard-300x180.png 300w, https:\/\/www.apti.cz\/wp-content\/uploads\/2019\/06\/2000x1200_apticard-768x461.png 768w, https:\/\/www.apti.cz\/wp-content\/uploads\/2019\/06\/2000x1200_apticard-2000x1200.png 2000w\" sizes=\"auto, (max-width: 1024px) 100vw, 1024px\" \/><\/figure>\n","protected":false},"excerpt":{"rendered":"<p>Asociace poskytovatel\u016f technick\u00fdch informac\u00ed sdru\u017euje odborn\u00edky technick\u00fdch a strojn\u00edch obor\u016f, konstrukt\u00e9ry, dodavatele, revizn\u00ed\u00a0techniky, servisn\u00ed\u00a0 specialisty, provozovatele vyhrazen\u00fdch technick\u00fdch za\u0159\u00edzen\u00ed, specialisty BOZP a PO. Inspirace Pravideln\u011b se setk\u00e1v\u00e1me na \u0159ad\u011b tematicky&#8230;<\/p>\n","protected":false},"author":1,"featured_media":403,"parent":0,"menu_order":0,"comment_status":"closed","ping_status":"closed","template":"","meta":{"footnotes":""},"class_list":["post-9","page","type-page","status-publish","has-post-thumbnail","hentry"],"jetpack_sharing_enabled":true,"_links":{"self":[{"href":"https:\/\/www.apti.cz\/index.php\/wp-json\/wp\/v2\/pages\/9","targetHints":{"allow":["GET"]}}],"collection":[{"href":"https:\/\/www.apti.cz\/index.php\/wp-json\/wp\/v2\/pages"}],"about":[{"href":"https:\/\/www.apti.cz\/index.php\/wp-json\/wp\/v2\/types\/page"}],"author":[{"embeddable":true,"href":"https:\/\/www.apti.cz\/index.php\/wp-json\/wp\/v2\/users\/1"}],"replies":[{"embeddable":true,"href":"https:\/\/www.apti.cz\/index.php\/wp-json\/wp\/v2\/comments?post=9"}],"version-history":[{"count":16,"href":"https:\/\/www.apti.cz\/index.php\/wp-json\/wp\/v2\/pages\/9\/revisions"}],"predecessor-version":[{"id":1984,"href":"https:\/\/www.apti.cz\/index.php\/wp-json\/wp\/v2\/pages\/9\/revisions\/1984"}],"wp:featuredmedia":[{"embeddable":true,"href":"https:\/\/www.apti.cz\/index.php\/wp-json\/wp\/v2\/media\/403"}],"wp:attachment":[{"href":"https:\/\/www.apti.cz\/index.php\/wp-json\/wp\/v2\/media?parent=9"}],"curies":[{"name":"wp","href":"https:\/\/api.w.org\/{rel}","templated":true}]}}