{"id":811,"date":"2021-04-24T21:29:11","date_gmt":"2021-04-24T21:29:11","guid":{"rendered":"http:\/\/www.apti.cz\/?page_id=811"},"modified":"2024-10-22T07:41:48","modified_gmt":"2024-10-22T07:41:48","slug":"pro-ucastniky","status":"publish","type":"page","link":"https:\/\/www.apti.cz\/index.php\/about\/akademie-apti\/pro-ucastniky\/","title":{"rendered":"Pro \u00fa\u010dastn\u00edky"},"content":{"rendered":"\n<p>Klientsk\u00e1 z\u00f3na pro \u00fa\u010dastn\u00edky kurz\u016f, semin\u00e1\u0159\u016f a konferenc\u00ed vzd\u011bl\u00e1vac\u00edho programu akademie APTI. <br>Vstup je povolen pouze registrovan\u00fdm \u00fa\u010dastn\u00edk\u016fm s platn\u00fdm p\u0159ihla\u0161ovac\u00edm heslem.<\/p>\n\n\n\n<p>e-learningov\u00fd kurz<br><strong><a href=\"https:\/\/www.apti.cz\/index.php\/about\/akademie-apti\/pro-ucastniky\/kurz-rt-tns-20-21-4-2020\/\">P\u0159\u00edpravn\u00fd kurz pro revizn\u00ed techniky tlakov\u00fdch n\u00e1dob stabiln\u00edch<\/a> <\/strong><\/p>\n\n\n\n<p>e-learningov\u00fd kurz<br><strong><a href=\"https:\/\/www.apti.cz\/index.php\/about\/akademie-apti\/pro-ucastniky\/kurz-rt-pz-27-28-4-2022\/\">P\u0159\u00edpravn\u00fd kurz pro mont\u00e1\u017en\u00ed pracovn\u00edky a revizn\u00ed techniky plynov\u00fdch za\u0159\u00edzen\u00ed<\/a><\/strong><\/p>\n\n\n\n<p>e-learningov\u00fd kurz<br><a href=\"https:\/\/www.apti.cz\/index.php\/pripravny-kurz-pro-revizni-techniky-zdvihacich-zarizeni\/\"><strong>P\u0159\u00edpravn\u00fd kurz pro revizn\u00ed techniky zdvihac\u00edch za\u0159\u00edzen\u00ed<\/strong><\/a><\/p>\n\n\n\n<p>e-learningov\u00fd kurz<br><strong>POTRUB\u00cd ON-LINE<\/strong><\/p>\n","protected":false},"excerpt":{"rendered":"<p>Klientsk\u00e1 z\u00f3na pro \u00fa\u010dastn\u00edky kurz\u016f, semin\u00e1\u0159\u016f a konferenc\u00ed vzd\u011bl\u00e1vac\u00edho programu akademie APTI. Vstup je povolen pouze registrovan\u00fdm \u00fa\u010dastn\u00edk\u016fm s platn\u00fdm p\u0159ihla\u0161ovac\u00edm heslem. e-learningov\u00fd kurzP\u0159\u00edpravn\u00fd kurz pro revizn\u00ed techniky tlakov\u00fdch n\u00e1dob&#8230;<\/p>\n","protected":false},"author":3,"featured_media":397,"parent":140,"menu_order":0,"comment_status":"closed","ping_status":"closed","template":"","meta":{"footnotes":""},"class_list":["post-811","page","type-page","status-publish","has-post-thumbnail","hentry"],"jetpack_sharing_enabled":true,"_links":{"self":[{"href":"https:\/\/www.apti.cz\/index.php\/wp-json\/wp\/v2\/pages\/811","targetHints":{"allow":["GET"]}}],"collection":[{"href":"https:\/\/www.apti.cz\/index.php\/wp-json\/wp\/v2\/pages"}],"about":[{"href":"https:\/\/www.apti.cz\/index.php\/wp-json\/wp\/v2\/types\/page"}],"author":[{"embeddable":true,"href":"https:\/\/www.apti.cz\/index.php\/wp-json\/wp\/v2\/users\/3"}],"replies":[{"embeddable":true,"href":"https:\/\/www.apti.cz\/index.php\/wp-json\/wp\/v2\/comments?post=811"}],"version-history":[{"count":8,"href":"https:\/\/www.apti.cz\/index.php\/wp-json\/wp\/v2\/pages\/811\/revisions"}],"predecessor-version":[{"id":2185,"href":"https:\/\/www.apti.cz\/index.php\/wp-json\/wp\/v2\/pages\/811\/revisions\/2185"}],"up":[{"embeddable":true,"href":"https:\/\/www.apti.cz\/index.php\/wp-json\/wp\/v2\/pages\/140"}],"wp:featuredmedia":[{"embeddable":true,"href":"https:\/\/www.apti.cz\/index.php\/wp-json\/wp\/v2\/media\/397"}],"wp:attachment":[{"href":"https:\/\/www.apti.cz\/index.php\/wp-json\/wp\/v2\/media?parent=811"}],"curies":[{"name":"wp","href":"https:\/\/api.w.org\/{rel}","templated":true}]}}