{"id":690,"date":"2021-01-14T09:26:00","date_gmt":"2021-01-14T09:26:00","guid":{"rendered":"http:\/\/www.apti.cz\/?page_id=690"},"modified":"2022-11-29T10:08:32","modified_gmt":"2022-11-29T10:08:32","slug":"cenik-postovneho-a-balneho","status":"publish","type":"page","link":"https:\/\/www.apti.cz\/index.php\/about\/publikace-apti\/cenik-postovneho-a-balneho\/","title":{"rendered":"Cen\u00edk po\u0161tovn\u00e9ho a baln\u00e9ho"},"content":{"rendered":"\n<p>Ceny po\u0161tovn\u00e9ho a baln\u00e9ho je stanoveny na z\u00e1klad\u011b cen\u00edk\u016f p\u0159epravn\u00edch spole\u010dnost\u00ed a jsou zde uvedeny jako orienta\u010dn\u00ed. V p\u0159\u00edpad\u011b v\u011bt\u0161\u00edho mno\u017estv\u00ed publikac\u00ed se mohou li\u0161it dle skute\u010dn\u00e9 v\u00e1hy z\u00e1silky.<\/p>\n\n\n\n<p><strong>Cena publikace 1454,55 bez DPH. <br><\/strong><br>Ceny se vtahuj\u00ed pouze na vnitrost\u00e1tn\u00ed p\u0159epravu po \u010cesk\u00e9 republice:<br>\u010cesk\u00e1 po\u0161ta &#8211; Bal\u00edk Do ruky 159 K\u010d<br>\u010cesk\u00e1 po\u0161ta &#8211; Bal\u00edk Na po\u0161tu 139 K\u010d<br>P\u0159epravn\u00ed slu\u017eba PPL &#8211; 150 K\u010d <\/p>\n\n\n\n<p><strong>Z\u00e1silka na Slovensko<\/strong><br>P\u0159epravn\u00ed slu\u017eba PPL &#8211; 264 K\u010d <br>\u010cesk\u00e1 Po\u0161ta &#8211; obchodn\u00ed bal\u00edk do zahrani\u010d\u00ed &#8211; 305 K\u010d <\/p>\n\n\n\n<p><\/p>\n","protected":false},"excerpt":{"rendered":"<p>Ceny po\u0161tovn\u00e9ho a baln\u00e9ho je stanoveny na z\u00e1klad\u011b cen\u00edk\u016f p\u0159epravn\u00edch spole\u010dnost\u00ed a jsou zde uvedeny jako orienta\u010dn\u00ed. V p\u0159\u00edpad\u011b v\u011bt\u0161\u00edho mno\u017estv\u00ed publikac\u00ed se mohou li\u0161it dle skute\u010dn\u00e9 v\u00e1hy z\u00e1silky. Cena&#8230;<\/p>\n","protected":false},"author":3,"featured_media":666,"parent":157,"menu_order":0,"comment_status":"closed","ping_status":"closed","template":"","meta":{"footnotes":""},"class_list":["post-690","page","type-page","status-publish","has-post-thumbnail","hentry"],"jetpack_sharing_enabled":true,"_links":{"self":[{"href":"https:\/\/www.apti.cz\/index.php\/wp-json\/wp\/v2\/pages\/690","targetHints":{"allow":["GET"]}}],"collection":[{"href":"https:\/\/www.apti.cz\/index.php\/wp-json\/wp\/v2\/pages"}],"about":[{"href":"https:\/\/www.apti.cz\/index.php\/wp-json\/wp\/v2\/types\/page"}],"author":[{"embeddable":true,"href":"https:\/\/www.apti.cz\/index.php\/wp-json\/wp\/v2\/users\/3"}],"replies":[{"embeddable":true,"href":"https:\/\/www.apti.cz\/index.php\/wp-json\/wp\/v2\/comments?post=690"}],"version-history":[{"count":8,"href":"https:\/\/www.apti.cz\/index.php\/wp-json\/wp\/v2\/pages\/690\/revisions"}],"predecessor-version":[{"id":1349,"href":"https:\/\/www.apti.cz\/index.php\/wp-json\/wp\/v2\/pages\/690\/revisions\/1349"}],"up":[{"embeddable":true,"href":"https:\/\/www.apti.cz\/index.php\/wp-json\/wp\/v2\/pages\/157"}],"wp:featuredmedia":[{"embeddable":true,"href":"https:\/\/www.apti.cz\/index.php\/wp-json\/wp\/v2\/media\/666"}],"wp:attachment":[{"href":"https:\/\/www.apti.cz\/index.php\/wp-json\/wp\/v2\/media?parent=690"}],"curies":[{"name":"wp","href":"https:\/\/api.w.org\/{rel}","templated":true}]}}