{"id":679,"date":"2021-01-12T15:10:59","date_gmt":"2021-01-12T15:10:59","guid":{"rendered":"http:\/\/www.apti.cz\/?page_id=679"},"modified":"2025-06-16T08:03:09","modified_gmt":"2025-06-16T08:03:09","slug":"objednavka-publikace-jak-na-potrubi","status":"publish","type":"page","link":"https:\/\/www.apti.cz\/index.php\/about\/publikace-apti\/jak-na-potrubi\/objednavka-publikace-jak-na-potrubi\/","title":{"rendered":"Objedn\u00e1vka publikace JAK NA POTRUB\u00cd?"},"content":{"rendered":"\n<figure class=\"wp-block-image size-full\"><img loading=\"lazy\" decoding=\"async\" width=\"400\" height=\"400\" src=\"http:\/\/www.apti.cz\/wp-content\/uploads\/2025\/06\/PUBLIKACE-JAK-NA-POTRUBI_2025_SQUARE_400x400.png\" alt=\"\" class=\"wp-image-2482\" srcset=\"https:\/\/www.apti.cz\/wp-content\/uploads\/2025\/06\/PUBLIKACE-JAK-NA-POTRUBI_2025_SQUARE_400x400.png 400w, https:\/\/www.apti.cz\/wp-content\/uploads\/2025\/06\/PUBLIKACE-JAK-NA-POTRUBI_2025_SQUARE_400x400-300x300.png 300w, https:\/\/www.apti.cz\/wp-content\/uploads\/2025\/06\/PUBLIKACE-JAK-NA-POTRUBI_2025_SQUARE_400x400-150x150.png 150w, https:\/\/www.apti.cz\/wp-content\/uploads\/2025\/06\/PUBLIKACE-JAK-NA-POTRUBI_2025_SQUARE_400x400-200x200.png 200w, https:\/\/www.apti.cz\/wp-content\/uploads\/2025\/06\/PUBLIKACE-JAK-NA-POTRUBI_2025_SQUARE_400x400-100x100.png 100w\" sizes=\"auto, (max-width: 400px) 100vw, 400px\" \/><\/figure>\n\n\n\n<p class=\"has-luminous-vivid-orange-color has-text-color\">Vych\u00e1z\u00ed 17. \u010dervna 2025<\/p>\n\n\n\n<p><strong><a href=\"https:\/\/www.apti.cz\/index.php\/produkt\/jak-na-potrubi-kniha-nejen-o-pevnostnich-vypoctech-potrubi\/\">Objednat knihu na e-shopu APTI<\/a><\/strong><\/p>\n\n\n\n<p><strong><a href=\"https:\/\/www.apti.cz\/index.php\/about\/publikace-apti\/vseobecne-obchodni-podminky-spolecnosti-medim-spol-s-r-o\/\">V\u0161eobecn\u00e9 obchodn\u00ed podm\u00ednky<\/a><\/strong><\/p>\n\n\n\n<p><strong>Informace, objedn\u00e1vky, platby:<\/strong><\/p>\n\n\n\n<figure class=\"wp-block-image size-large\"><img loading=\"lazy\" decoding=\"async\" width=\"200\" height=\"58\" src=\"http:\/\/www.apti.cz\/wp-content\/uploads\/2021\/01\/Logo-MEDIM_200.png\" alt=\"\" class=\"wp-image-718\"\/><\/figure>\n\n\n\n<p>Medim, spol. s r.o.<br>Hovor\u010dovick\u00e1 382<br>250 65 L\u00edbeznice <\/p>\n\n\n\n<p>Tel.: +420 606 048 458<br>Tel.: +420 603 213 386<br>Tel.: +420 603 213 387<br>e-mail objedn\u00e1vky: <a href=\"mailto:info@medim.cz\">info@medim.cz<\/a><br>e-mail fakturace: <a href=\"mailto:uctarna@medim.cz\">uctarna@medim.cz<\/a><\/p>\n","protected":false},"excerpt":{"rendered":"<p>Vych\u00e1z\u00ed 17. \u010dervna 2025 Objednat knihu na e-shopu APTI V\u0161eobecn\u00e9 obchodn\u00ed podm\u00ednky Informace, objedn\u00e1vky, platby: Medim, spol. s r.o.Hovor\u010dovick\u00e1 382250 65 L\u00edbeznice Tel.: +420 606 048 458Tel.: +420 603 213&#8230;<\/p>\n","protected":false},"author":3,"featured_media":0,"parent":635,"menu_order":0,"comment_status":"closed","ping_status":"closed","template":"","meta":{"footnotes":""},"class_list":["post-679","page","type-page","status-publish","hentry"],"jetpack_sharing_enabled":true,"_links":{"self":[{"href":"https:\/\/www.apti.cz\/index.php\/wp-json\/wp\/v2\/pages\/679","targetHints":{"allow":["GET"]}}],"collection":[{"href":"https:\/\/www.apti.cz\/index.php\/wp-json\/wp\/v2\/pages"}],"about":[{"href":"https:\/\/www.apti.cz\/index.php\/wp-json\/wp\/v2\/types\/page"}],"author":[{"embeddable":true,"href":"https:\/\/www.apti.cz\/index.php\/wp-json\/wp\/v2\/users\/3"}],"replies":[{"embeddable":true,"href":"https:\/\/www.apti.cz\/index.php\/wp-json\/wp\/v2\/comments?post=679"}],"version-history":[{"count":17,"href":"https:\/\/www.apti.cz\/index.php\/wp-json\/wp\/v2\/pages\/679\/revisions"}],"predecessor-version":[{"id":2491,"href":"https:\/\/www.apti.cz\/index.php\/wp-json\/wp\/v2\/pages\/679\/revisions\/2491"}],"up":[{"embeddable":true,"href":"https:\/\/www.apti.cz\/index.php\/wp-json\/wp\/v2\/pages\/635"}],"wp:attachment":[{"href":"https:\/\/www.apti.cz\/index.php\/wp-json\/wp\/v2\/media?parent=679"}],"curies":[{"name":"wp","href":"https:\/\/api.w.org\/{rel}","templated":true}]}}