{"id":594,"date":"2020-07-15T08:57:56","date_gmt":"2020-07-15T08:57:56","guid":{"rendered":"http:\/\/www.apti.cz\/?page_id=594"},"modified":"2025-06-20T12:42:15","modified_gmt":"2025-06-20T12:42:15","slug":"jak-na-potrubi","status":"publish","type":"page","link":"https:\/\/www.apti.cz\/index.php\/jak-na-potrubi\/","title":{"rendered":"Jak na potrub\u00ed"},"content":{"rendered":"\n<figure class=\"wp-block-image size-full\"><img loading=\"lazy\" decoding=\"async\" width=\"400\" height=\"400\" src=\"http:\/\/www.apti.cz\/wp-content\/uploads\/2025\/06\/PUBLIKACE-JAK-NA-POTRUBI_2025_SQUARE_400x400.png\" alt=\"\" class=\"wp-image-2482\" srcset=\"https:\/\/www.apti.cz\/wp-content\/uploads\/2025\/06\/PUBLIKACE-JAK-NA-POTRUBI_2025_SQUARE_400x400.png 400w, https:\/\/www.apti.cz\/wp-content\/uploads\/2025\/06\/PUBLIKACE-JAK-NA-POTRUBI_2025_SQUARE_400x400-300x300.png 300w, https:\/\/www.apti.cz\/wp-content\/uploads\/2025\/06\/PUBLIKACE-JAK-NA-POTRUBI_2025_SQUARE_400x400-150x150.png 150w, https:\/\/www.apti.cz\/wp-content\/uploads\/2025\/06\/PUBLIKACE-JAK-NA-POTRUBI_2025_SQUARE_400x400-200x200.png 200w, https:\/\/www.apti.cz\/wp-content\/uploads\/2025\/06\/PUBLIKACE-JAK-NA-POTRUBI_2025_SQUARE_400x400-100x100.png 100w\" sizes=\"auto, (max-width: 400px) 100vw, 400px\" \/><\/figure>\n\n\n\n<h3 class=\"wp-block-heading\">Autor:<\/h3>\n\n\n\n<p>Ing. V\u00e1clav Peka\u0159, CSc.<\/p>\n\n\n\n<h5 class=\"wp-block-heading\">Pr\u00e1v\u011b vy\u0161lo aktualizovan\u00e9, p\u0159epracovan\u00e9 a roz\u0161\u00ed\u0159en\u00e9 vyd\u00e1n\u00ed v\u010detn\u011b novinek v oblasti legislativy a technick\u00e9 normalizace!<\/h5>\n\n\n\n<h2 class=\"wp-block-heading\">Kniha nejen o pevnostn\u00edch v\u00fdpo\u010dtech potrub\u00ed<\/h2>\n\n\n\n<p>Rozs\u00e1hl\u00e9 d\u00edlo, kter\u00e9 komplexn\u011b pojedn\u00e1v\u00e1 problematiku v\u00fdpo\u010dt\u016f potrub\u00ed.<\/p>\n\n\n\n<p>Publikace je vyd\u00e1v\u00e1na s podtitulem Kniha nejen o v\u00fdpo\u010dtech potrub\u00ed, co\u017e znamen\u00e1, \u017ee je ur\u010dena nejenom \u00fazce specializovan\u00fdm konstrukt\u00e9r\u016fm, projektant\u016fm a v\u00fdpo\u010dt\u00e1\u0159\u016fm, ale i \u0161irok\u00e9mu okruhu dal\u0161\u00edch technick\u00fdch pracovn\u00edk\u016f. U\u017eite\u010dn\u00e9 informace zde naleznou technici a in\u017een\u00fd\u0159i zab\u00fdvaj\u00edc\u00ed se mj. investi\u010dn\u00ed \u010dinnost\u00ed, provozem, spr\u00e1vou, inspekcemi a revizemi potrub\u00ed, pracovn\u00edci notifika\u010dn\u00edch org\u00e1n\u016f a \u0159ada dal\u0161\u00edch.<\/p>\n\n\n\n<p>Sv\u00fdm rozsahem a komplexnost\u00ed se jedn\u00e1 o unik\u00e1tn\u00ed d\u00edlo, kter\u00e9 vzniklo na z\u00e1klad\u011b zp\u011btn\u00e9 vazby odborn\u00e9 ve\u0159ejnosti a podn\u011bt\u016f \u00fa\u010dastn\u00edk\u016f kurz\u016f a odborn\u00fdch akc\u00ed.<\/p>\n\n\n\n<h5 class=\"wp-block-heading\"><strong>Kniha je strukturov\u00e1na do deseti samostatn\u00fdch kapitol, kter\u00e9 \u0159e\u0161\u00ed jednotliv\u00e9 oblasti, se kter\u00fdmi se odborn\u00e1 ve\u0159ejnosti setk\u00e1v\u00e1 v praxi:<\/strong><\/h5>\n\n\n\n<p><strong>1. Z\u00e1kladn\u00ed vztahy pevnosti potrub\u00ed, statika<br>2. Speci\u00e1ln\u00ed mezn\u00ed stavy \u00fanosnosti potrub\u00ed<\/strong><br><strong>3. Dynamick\u00e9 v\u00fdpo\u010dty potrub\u00ed<\/strong><br><strong>4. Plastov\u00e1 potrub\u00ed<br>5. Lamin\u00e1tov\u00e1 (GRP) potrub\u00ed<br><\/strong><strong>6. Ulo\u017een\u00ed a podp\u011bry potrub\u00ed<br>7. Potrub\u00ed v zemi<\/strong><br><strong>8. Pevnostn\u00ed v\u00fdpo\u010dty potrub\u00ed po\u010d\u00edta\u010dem<br>9. A n\u011bco jde i bez po\u010d\u00edta\u010de! Zjednodu\u0161en\u00e1 v\u00fdpo\u010dtov\u00e1 anal\u00fdza potrub\u00ed \u2013 nosn\u00edkov\u00e1 metoda<br>10. Speci\u00e1ln\u00ed potrubn\u00ed d\u00edly a potrub\u00ed<\/strong><br><strong>11. Odborn\u00e1 literatura a literatura pro dal\u0161\u00ed studium<\/strong><\/p>\n\n\n\n<h2 class=\"wp-block-heading\"><strong>Celkem:<\/strong><\/h2>\n\n\n\n<h3 class=\"wp-block-heading\">705 fyzik\u00e1ln\u00edch rovnic<br>332 obr\u00e1zk\u016f a graf\u016f<br>472 stran textu<\/h3>\n\n\n\n<p>Obsah publikace je k dispozici k nahl\u00e9dnut\u00ed&nbsp;<a href=\"http:\/\/www.apti.cz\/wp-content\/uploads\/2025\/06\/00-2025_obsah.pdf\"><strong>zde<\/strong><\/a>.<\/p>\n\n\n\n<p><a href=\"https:\/\/www.apti.cz\/index.php\/produkt\/jak-na-potrubi-kniha-nejen-o-pevnostnich-vypoctech-potrubi\/\" title=\"\">Objednat publikaci on-line<\/a><\/p>\n","protected":false},"excerpt":{"rendered":"<p>Autor: Ing. V\u00e1clav Peka\u0159, CSc. Pr\u00e1v\u011b vy\u0161lo aktualizovan\u00e9, p\u0159epracovan\u00e9 a roz\u0161\u00ed\u0159en\u00e9 vyd\u00e1n\u00ed v\u010detn\u011b novinek v oblasti legislativy a technick\u00e9 normalizace! Kniha nejen o pevnostn\u00edch v\u00fdpo\u010dtech potrub\u00ed Rozs\u00e1hl\u00e9 d\u00edlo, kter\u00e9 komplexn\u011b&#8230;<\/p>\n","protected":false},"author":3,"featured_media":0,"parent":0,"menu_order":0,"comment_status":"closed","ping_status":"closed","template":"","meta":{"footnotes":""},"class_list":["post-594","page","type-page","status-publish","hentry"],"jetpack_sharing_enabled":true,"_links":{"self":[{"href":"https:\/\/www.apti.cz\/index.php\/wp-json\/wp\/v2\/pages\/594","targetHints":{"allow":["GET"]}}],"collection":[{"href":"https:\/\/www.apti.cz\/index.php\/wp-json\/wp\/v2\/pages"}],"about":[{"href":"https:\/\/www.apti.cz\/index.php\/wp-json\/wp\/v2\/types\/page"}],"author":[{"embeddable":true,"href":"https:\/\/www.apti.cz\/index.php\/wp-json\/wp\/v2\/users\/3"}],"replies":[{"embeddable":true,"href":"https:\/\/www.apti.cz\/index.php\/wp-json\/wp\/v2\/comments?post=594"}],"version-history":[{"count":32,"href":"https:\/\/www.apti.cz\/index.php\/wp-json\/wp\/v2\/pages\/594\/revisions"}],"predecessor-version":[{"id":2505,"href":"https:\/\/www.apti.cz\/index.php\/wp-json\/wp\/v2\/pages\/594\/revisions\/2505"}],"wp:attachment":[{"href":"https:\/\/www.apti.cz\/index.php\/wp-json\/wp\/v2\/media?parent=594"}],"curies":[{"name":"wp","href":"https:\/\/api.w.org\/{rel}","templated":true}]}}