{"id":246,"date":"2018-09-14T11:48:57","date_gmt":"2018-09-14T11:48:57","guid":{"rendered":"http:\/\/www.apti.cz\/?page_id=246"},"modified":"2018-09-14T11:48:57","modified_gmt":"2018-09-14T11:48:57","slug":"tlak-2017-sbornik-referatu","status":"publish","type":"page","link":"https:\/\/www.apti.cz\/index.php\/tlak-2017-sbornik-referatu\/","title":{"rendered":"TLAK 2017 sborn\u00edk refer\u00e1t\u016f"},"content":{"rendered":"<p><img loading=\"lazy\" decoding=\"async\" class=\"alignnone size-full wp-image-242\" src=\"http:\/\/www.apti.cz\/wp-content\/uploads\/2018\/09\/TLAK_17_300X300.png\" alt=\"\" width=\"300\" height=\"300\" srcset=\"https:\/\/www.apti.cz\/wp-content\/uploads\/2018\/09\/TLAK_17_300X300.png 300w, https:\/\/www.apti.cz\/wp-content\/uploads\/2018\/09\/TLAK_17_300X300-100x100.png 100w, https:\/\/www.apti.cz\/wp-content\/uploads\/2018\/09\/TLAK_17_300X300-200x200.png 200w, https:\/\/www.apti.cz\/wp-content\/uploads\/2018\/09\/TLAK_17_300X300-150x150.png 150w\" sizes=\"auto, (max-width: 300px) 100vw, 300px\" \/><br \/>\nkolektiv autor\u016f<\/p>\n<h1>Obsah publikace<\/h1>\n<p>&nbsp;<\/p>\n","protected":false},"excerpt":{"rendered":"<p>kolektiv autor\u016f Obsah publikace &nbsp;<\/p>\n","protected":false},"author":1,"featured_media":0,"parent":0,"menu_order":0,"comment_status":"closed","ping_status":"closed","template":"","meta":{"footnotes":""},"class_list":["post-246","page","type-page","status-publish","hentry"],"jetpack_sharing_enabled":true,"_links":{"self":[{"href":"https:\/\/www.apti.cz\/index.php\/wp-json\/wp\/v2\/pages\/246","targetHints":{"allow":["GET"]}}],"collection":[{"href":"https:\/\/www.apti.cz\/index.php\/wp-json\/wp\/v2\/pages"}],"about":[{"href":"https:\/\/www.apti.cz\/index.php\/wp-json\/wp\/v2\/types\/page"}],"author":[{"embeddable":true,"href":"https:\/\/www.apti.cz\/index.php\/wp-json\/wp\/v2\/users\/1"}],"replies":[{"embeddable":true,"href":"https:\/\/www.apti.cz\/index.php\/wp-json\/wp\/v2\/comments?post=246"}],"version-history":[{"count":1,"href":"https:\/\/www.apti.cz\/index.php\/wp-json\/wp\/v2\/pages\/246\/revisions"}],"predecessor-version":[{"id":247,"href":"https:\/\/www.apti.cz\/index.php\/wp-json\/wp\/v2\/pages\/246\/revisions\/247"}],"wp:attachment":[{"href":"https:\/\/www.apti.cz\/index.php\/wp-json\/wp\/v2\/media?parent=246"}],"curies":[{"name":"wp","href":"https:\/\/api.w.org\/{rel}","templated":true}]}}