{"id":225,"date":"2018-09-11T11:08:14","date_gmt":"2018-09-11T11:08:14","guid":{"rendered":"http:\/\/www.apti.cz\/?page_id=225"},"modified":"2019-05-12T23:54:15","modified_gmt":"2019-05-12T23:54:15","slug":"registrace-uzivatele","status":"publish","type":"page","link":"https:\/\/www.apti.cz\/index.php\/about\/publikace-apti\/analyza-rizeni-a-vyporadani-rizik-spojenych-s-technickymi-dily\/registrace-uzivatele\/","title":{"rendered":"Registrace u\u017eivatele"},"content":{"rendered":"<p><img loading=\"lazy\" decoding=\"async\" class=\"alignnone size-full wp-image-214\" src=\"http:\/\/www.apti.cz\/wp-content\/uploads\/2018\/09\/RIZIKA_300X300PIX.png\" alt=\"\" width=\"300\" height=\"300\" srcset=\"https:\/\/www.apti.cz\/wp-content\/uploads\/2018\/09\/RIZIKA_300X300PIX.png 300w, https:\/\/www.apti.cz\/wp-content\/uploads\/2018\/09\/RIZIKA_300X300PIX-100x100.png 100w, https:\/\/www.apti.cz\/wp-content\/uploads\/2018\/09\/RIZIKA_300X300PIX-200x200.png 200w, https:\/\/www.apti.cz\/wp-content\/uploads\/2018\/09\/RIZIKA_300X300PIX-150x150.png 150w\" sizes=\"auto, (max-width: 300px) 100vw, 300px\" \/><\/p>\n<p>Vybran\u00e9 publikace z\u00edsk\u00e1te na z\u00e1klad\u011b registrace, kter\u00e1 je zcela zdarma.<\/p>\n<p>Po odesl\u00e1n\u00ed registra\u010dn\u00edho formul\u00e1\u0159e V\u00e1m za\u0161leme na uvedenou adresu link ke sta\u017een\u00ed publikace.<\/p>\n<p><p class=\"wpcf7-contact-form-not-found\"><strong>Chyba:<\/strong> Kontaktn\u00ed formul\u00e1\u0159 nebyl nalezen.<\/p><br \/>\n<a href=\"http:\/\/www.apti.cz\/index.php\/souhlas-se-zasilanim-obchodnich-sdeleni\/\">Souhlas se zas\u00edl\u00e1n\u00edm obchodn\u00edch sd\u011blen\u00ed v pln\u00e9m zn\u011bn\u00ed<\/a><\/p>\n","protected":false},"excerpt":{"rendered":"<p>Vybran\u00e9 publikace z\u00edsk\u00e1te na z\u00e1klad\u011b registrace, kter\u00e1 je zcela zdarma. Po odesl\u00e1n\u00ed registra\u010dn\u00edho formul\u00e1\u0159e V\u00e1m za\u0161leme na uvedenou adresu link ke sta\u017een\u00ed publikace. Souhlas se zas\u00edl\u00e1n\u00edm obchodn\u00edch sd\u011blen\u00ed v pln\u00e9m&#8230;<\/p>\n","protected":false},"author":1,"featured_media":0,"parent":216,"menu_order":0,"comment_status":"closed","ping_status":"closed","template":"","meta":{"footnotes":""},"class_list":["post-225","page","type-page","status-publish","hentry"],"jetpack_sharing_enabled":true,"_links":{"self":[{"href":"https:\/\/www.apti.cz\/index.php\/wp-json\/wp\/v2\/pages\/225","targetHints":{"allow":["GET"]}}],"collection":[{"href":"https:\/\/www.apti.cz\/index.php\/wp-json\/wp\/v2\/pages"}],"about":[{"href":"https:\/\/www.apti.cz\/index.php\/wp-json\/wp\/v2\/types\/page"}],"author":[{"embeddable":true,"href":"https:\/\/www.apti.cz\/index.php\/wp-json\/wp\/v2\/users\/1"}],"replies":[{"embeddable":true,"href":"https:\/\/www.apti.cz\/index.php\/wp-json\/wp\/v2\/comments?post=225"}],"version-history":[{"count":7,"href":"https:\/\/www.apti.cz\/index.php\/wp-json\/wp\/v2\/pages\/225\/revisions"}],"predecessor-version":[{"id":371,"href":"https:\/\/www.apti.cz\/index.php\/wp-json\/wp\/v2\/pages\/225\/revisions\/371"}],"up":[{"embeddable":true,"href":"https:\/\/www.apti.cz\/index.php\/wp-json\/wp\/v2\/pages\/216"}],"wp:attachment":[{"href":"https:\/\/www.apti.cz\/index.php\/wp-json\/wp\/v2\/media?parent=225"}],"curies":[{"name":"wp","href":"https:\/\/api.w.org\/{rel}","templated":true}]}}