{"id":2183,"date":"2024-10-22T07:37:01","date_gmt":"2024-10-22T07:37:01","guid":{"rendered":"https:\/\/www.apti.cz\/?page_id=2183"},"modified":"2024-10-22T08:01:48","modified_gmt":"2024-10-22T08:01:48","slug":"pripravny-kurz-pro-revizni-techniky-zdvihacich-zarizeni","status":"publish","type":"page","link":"https:\/\/www.apti.cz\/index.php\/pripravny-kurz-pro-revizni-techniky-zdvihacich-zarizeni\/","title":{"rendered":"P\u0159\u00edpravn\u00fd kurz pro revizn\u00ed techniky zdvihac\u00edch za\u0159\u00edzen\u00ed"},"content":{"rendered":"","protected":true},"excerpt":{"rendered":"","protected":true},"author":1,"featured_media":0,"parent":0,"menu_order":0,"comment_status":"closed","ping_status":"closed","template":"","meta":{"footnotes":""},"class_list":["post-2183","page","type-page","status-publish","post-password-required","hentry"],"jetpack_sharing_enabled":true,"_links":{"self":[{"href":"https:\/\/www.apti.cz\/index.php\/wp-json\/wp\/v2\/pages\/2183","targetHints":{"allow":["GET"]}}],"collection":[{"href":"https:\/\/www.apti.cz\/index.php\/wp-json\/wp\/v2\/pages"}],"about":[{"href":"https:\/\/www.apti.cz\/index.php\/wp-json\/wp\/v2\/types\/page"}],"author":[{"embeddable":true,"href":"https:\/\/www.apti.cz\/index.php\/wp-json\/wp\/v2\/users\/1"}],"replies":[{"embeddable":true,"href":"https:\/\/www.apti.cz\/index.php\/wp-json\/wp\/v2\/comments?post=2183"}],"version-history":[{"count":11,"href":"https:\/\/www.apti.cz\/index.php\/wp-json\/wp\/v2\/pages\/2183\/revisions"}],"predecessor-version":[{"id":2215,"href":"https:\/\/www.apti.cz\/index.php\/wp-json\/wp\/v2\/pages\/2183\/revisions\/2215"}],"wp:attachment":[{"href":"https:\/\/www.apti.cz\/index.php\/wp-json\/wp\/v2\/media?parent=2183"}],"curies":[{"name":"wp","href":"https:\/\/api.w.org\/{rel}","templated":true}]}}